{"id":909,"date":"2025-11-26T12:36:32","date_gmt":"2025-11-26T12:36:32","guid":{"rendered":"https:\/\/gabarito.eu\/sitewp\/?page_id=909"},"modified":"2025-11-26T12:44:45","modified_gmt":"2025-11-26T12:44:45","slug":"produtos","status":"publish","type":"page","link":"https:\/\/gabarito.eu\/sitewp\/produtos\/","title":{"rendered":"Cole\u00e7\u00e3o"},"content":{"rendered":"\t\t<div data-elementor-type=\"wp-page\" data-elementor-id=\"909\" class=\"elementor elementor-909\">\n\t\t\t\t\t\t<section class=\"elementor-section elementor-top-section elementor-element elementor-element-16b225d elementor-section-boxed elementor-section-height-default elementor-section-height-default\" data-id=\"16b225d\" data-element_type=\"section\" data-e-type=\"section\">\n\t\t\t\t\t\t<div class=\"elementor-container elementor-column-gap-default\">\n\t\t\t\t\t<div class=\"elementor-column elementor-col-33 elementor-top-column elementor-element elementor-element-7684ab1\" data-id=\"7684ab1\" data-element_type=\"column\" data-e-type=\"column\">\n\t\t\t<div class=\"elementor-widget-wrap elementor-element-populated\">\n\t\t\t\t\t\t<div class=\"elementor-element elementor-element-68661ad elementor-widget elementor-widget-image\" data-id=\"68661ad\" data-element_type=\"widget\" data-e-type=\"widget\" data-widget_type=\"image.default\">\n\t\t\t\t<div class=\"elementor-widget-container\">\n\t\t\t\t\t\t\t\t\t\t\t\t\t\t\t\t<a href=\"https:\/\/gabarito.eu\/sitewp\/cozinhas-2\/\">\n\t\t\t\t\t\t\t<img fetchpriority=\"high\" decoding=\"async\" width=\"300\" height=\"181\" src=\"https:\/\/gabarito.eu\/sitewp\/wp-content\/uploads\/2023\/04\/Cozinha_Easytouch-Eleanor5-300x181.jpg\" class=\"attachment-medium size-medium wp-image-582\" alt=\"\" srcset=\"https:\/\/gabarito.eu\/sitewp\/wp-content\/uploads\/2023\/04\/Cozinha_Easytouch-Eleanor5-300x181.jpg 300w, https:\/\/gabarito.eu\/sitewp\/wp-content\/uploads\/2023\/04\/Cozinha_Easytouch-Eleanor5-1024x616.jpg 1024w, https:\/\/gabarito.eu\/sitewp\/wp-content\/uploads\/2023\/04\/Cozinha_Easytouch-Eleanor5-768x462.jpg 768w, https:\/\/gabarito.eu\/sitewp\/wp-content\/uploads\/2023\/04\/Cozinha_Easytouch-Eleanor5-1536x925.jpg 1536w, https:\/\/gabarito.eu\/sitewp\/wp-content\/uploads\/2023\/04\/Cozinha_Easytouch-Eleanor5-2048x1233.jpg 2048w\" sizes=\"(max-width: 300px) 100vw, 300px\" \/>\t\t\t\t\t\t\t\t<\/a>\n\t\t\t\t\t\t\t\t\t\t\t\t\t\t\t<\/div>\n\t\t\t\t<\/div>\n\t\t\t\t<div class=\"elementor-element elementor-element-dcd7140 elementor-widget elementor-widget-heading\" data-id=\"dcd7140\" data-element_type=\"widget\" data-e-type=\"widget\" data-widget_type=\"heading.default\">\n\t\t\t\t<div class=\"elementor-widget-container\">\n\t\t\t\t\t<h2 class=\"elementor-heading-title elementor-size-default\"><a href=\"https:\/\/gabarito.eu\/sitewp\/cozinhas-2\/\">Cozinhas<\/a><\/h2>\t\t\t\t<\/div>\n\t\t\t\t<\/div>\n\t\t\t\t\t<\/div>\n\t\t<\/div>\n\t\t\t\t<div class=\"elementor-column elementor-col-33 elementor-top-column elementor-element elementor-element-0f34825\" data-id=\"0f34825\" data-element_type=\"column\" data-e-type=\"column\">\n\t\t\t<div class=\"elementor-widget-wrap elementor-element-populated\">\n\t\t\t\t\t\t<div class=\"elementor-element elementor-element-501c3d2 elementor-widget elementor-widget-image\" data-id=\"501c3d2\" data-element_type=\"widget\" data-e-type=\"widget\" data-widget_type=\"image.default\">\n\t\t\t\t<div class=\"elementor-widget-container\">\n\t\t\t\t\t\t\t\t\t\t\t\t\t\t\t\t<a href=\"https:\/\/gabarito.eu\/sitewp\/salas-de-estar\/\">\n\t\t\t\t\t\t\t<img decoding=\"async\" width=\"300\" height=\"206\" src=\"https:\/\/gabarito.eu\/sitewp\/wp-content\/uploads\/2023\/08\/3P-Furniture-Panel_Cozinha-Gabarito-300x206.jpg\" class=\"attachment-medium size-medium wp-image-753\" alt=\"Cozinha Gabarito\" srcset=\"https:\/\/gabarito.eu\/sitewp\/wp-content\/uploads\/2023\/08\/3P-Furniture-Panel_Cozinha-Gabarito-300x206.jpg 300w, https:\/\/gabarito.eu\/sitewp\/wp-content\/uploads\/2023\/08\/3P-Furniture-Panel_Cozinha-Gabarito-1024x703.jpg 1024w, https:\/\/gabarito.eu\/sitewp\/wp-content\/uploads\/2023\/08\/3P-Furniture-Panel_Cozinha-Gabarito-768x528.jpg 768w, https:\/\/gabarito.eu\/sitewp\/wp-content\/uploads\/2023\/08\/3P-Furniture-Panel_Cozinha-Gabarito-1536x1055.jpg 1536w, https:\/\/gabarito.eu\/sitewp\/wp-content\/uploads\/2023\/08\/3P-Furniture-Panel_Cozinha-Gabarito.jpg 1600w\" sizes=\"(max-width: 300px) 100vw, 300px\" \/>\t\t\t\t\t\t\t\t<\/a>\n\t\t\t\t\t\t\t\t\t\t\t\t\t\t\t<\/div>\n\t\t\t\t<\/div>\n\t\t\t\t<div class=\"elementor-element elementor-element-5e6caef elementor-widget elementor-widget-heading\" data-id=\"5e6caef\" data-element_type=\"widget\" data-e-type=\"widget\" data-widget_type=\"heading.default\">\n\t\t\t\t<div class=\"elementor-widget-container\">\n\t\t\t\t\t<h2 class=\"elementor-heading-title elementor-size-default\"><a href=\"https:\/\/gabarito.eu\/sitewp\/salas-de-estar\/\">Living<\/a><\/h2>\t\t\t\t<\/div>\n\t\t\t\t<\/div>\n\t\t\t\t\t<\/div>\n\t\t<\/div>\n\t\t\t\t<div class=\"elementor-column elementor-col-33 elementor-top-column elementor-element elementor-element-56b8590\" data-id=\"56b8590\" data-element_type=\"column\" data-e-type=\"column\">\n\t\t\t<div class=\"elementor-widget-wrap elementor-element-populated\">\n\t\t\t\t\t\t<div class=\"elementor-element elementor-element-8b0ef80 elementor-widget elementor-widget-image\" data-id=\"8b0ef80\" data-element_type=\"widget\" data-e-type=\"widget\" data-widget_type=\"image.default\">\n\t\t\t\t<div class=\"elementor-widget-container\">\n\t\t\t\t\t\t\t\t\t\t\t\t\t\t\t\t<a href=\"https:\/\/gabarito.eu\/sitewp\/cozinhas-3\/\">\n\t\t\t\t\t\t\t<img decoding=\"async\" width=\"196\" height=\"300\" src=\"https:\/\/gabarito.eu\/sitewp\/wp-content\/uploads\/2023\/04\/casas-de-banho2-196x300.jpg\" class=\"attachment-medium size-medium wp-image-642\" alt=\"\" srcset=\"https:\/\/gabarito.eu\/sitewp\/wp-content\/uploads\/2023\/04\/casas-de-banho2-196x300.jpg 196w, https:\/\/gabarito.eu\/sitewp\/wp-content\/uploads\/2023\/04\/casas-de-banho2-667x1024.jpg 667w, https:\/\/gabarito.eu\/sitewp\/wp-content\/uploads\/2023\/04\/casas-de-banho2-768x1178.jpg 768w, https:\/\/gabarito.eu\/sitewp\/wp-content\/uploads\/2023\/04\/casas-de-banho2-1001x1536.jpg 1001w, https:\/\/gabarito.eu\/sitewp\/wp-content\/uploads\/2023\/04\/casas-de-banho2-1335x2048.jpg 1335w, https:\/\/gabarito.eu\/sitewp\/wp-content\/uploads\/2023\/04\/casas-de-banho2-scaled.jpg 1668w\" sizes=\"(max-width: 196px) 100vw, 196px\" \/>\t\t\t\t\t\t\t\t<\/a>\n\t\t\t\t\t\t\t\t\t\t\t\t\t\t\t<\/div>\n\t\t\t\t<\/div>\n\t\t\t\t<div class=\"elementor-element elementor-element-6fc8c87 elementor-widget elementor-widget-heading\" data-id=\"6fc8c87\" data-element_type=\"widget\" data-e-type=\"widget\" data-widget_type=\"heading.default\">\n\t\t\t\t<div class=\"elementor-widget-container\">\n\t\t\t\t\t<h2 class=\"elementor-heading-title elementor-size-default\"><a href=\"https:\/\/gabarito.eu\/sitewp\/cozinhas-3\/\">Casas de banho<\/a><\/h2>\t\t\t\t<\/div>\n\t\t\t\t<\/div>\n\t\t\t\t\t<\/div>\n\t\t<\/div>\n\t\t\t\t\t<\/div>\n\t\t<\/section>\n\t\t\t\t<\/div>\n\t\t","protected":false},"excerpt":{"rendered":"<p>Cozinhas Living Casas de banho<\/p>\n","protected":false},"author":2,"featured_media":0,"parent":0,"menu_order":0,"comment_status":"closed","ping_status":"closed","template":"elementor_canvas","meta":{"footnotes":""},"class_list":["post-909","page","type-page","status-publish","hentry"],"yoast_head":"<!-- This site is optimized with the Yoast SEO plugin v26.2 - https:\/\/yoast.com\/wordpress\/plugins\/seo\/ -->\n<title>Cole\u00e7\u00e3o - Gabarito K\u00fcchen Design<\/title>\n<meta name=\"robots\" content=\"index, follow, max-snippet:-1, max-image-preview:large, max-video-preview:-1\" \/>\n<link rel=\"canonical\" href=\"https:\/\/gabarito.eu\/sitewp\/produtos\/\" \/>\n<meta property=\"og:locale\" content=\"pt_PT\" \/>\n<meta property=\"og:type\" content=\"article\" \/>\n<meta property=\"og:title\" content=\"Cole\u00e7\u00e3o - Gabarito K\u00fcchen Design\" \/>\n<meta property=\"og:description\" content=\"Cozinhas Living Casas de banho\" \/>\n<meta property=\"og:url\" content=\"https:\/\/gabarito.eu\/sitewp\/produtos\/\" \/>\n<meta property=\"og:site_name\" content=\"Gabarito K\u00fcchen Design\" \/>\n<meta property=\"article:publisher\" content=\"https:\/\/www.facebook.com\/gabarito.eu\" \/>\n<meta property=\"article:modified_time\" content=\"2025-11-26T12:44:45+00:00\" \/>\n<meta property=\"og:image\" content=\"https:\/\/gabarito.eu\/sitewp\/wp-content\/uploads\/2023\/04\/Cozinha_Easytouch-Eleanor5-scaled.jpg\" \/>\n\t<meta property=\"og:image:width\" content=\"2560\" \/>\n\t<meta property=\"og:image:height\" content=\"1541\" \/>\n\t<meta property=\"og:image:type\" content=\"image\/jpeg\" \/>\n<meta name=\"twitter:card\" content=\"summary_large_image\" \/>\n<meta name=\"twitter:label1\" content=\"Tempo estimado de leitura\" \/>\n\t<meta name=\"twitter:data1\" content=\"1 minuto\" \/>\n<script type=\"application\/ld+json\" class=\"yoast-schema-graph\">{\"@context\":\"https:\/\/schema.org\",\"@graph\":[{\"@type\":\"WebPage\",\"@id\":\"https:\/\/gabarito.eu\/sitewp\/produtos\/\",\"url\":\"https:\/\/gabarito.eu\/sitewp\/produtos\/\",\"name\":\"Cole\u00e7\u00e3o - Gabarito K\u00fcchen Design\",\"isPartOf\":{\"@id\":\"https:\/\/gabarito.eu\/sitewp\/#website\"},\"primaryImageOfPage\":{\"@id\":\"https:\/\/gabarito.eu\/sitewp\/produtos\/#primaryimage\"},\"image\":{\"@id\":\"https:\/\/gabarito.eu\/sitewp\/produtos\/#primaryimage\"},\"thumbnailUrl\":\"https:\/\/gabarito.eu\/sitewp\/wp-content\/uploads\/2023\/04\/Cozinha_Easytouch-Eleanor5-300x181.jpg\",\"datePublished\":\"2025-11-26T12:36:32+00:00\",\"dateModified\":\"2025-11-26T12:44:45+00:00\",\"breadcrumb\":{\"@id\":\"https:\/\/gabarito.eu\/sitewp\/produtos\/#breadcrumb\"},\"inLanguage\":\"pt-PT\",\"potentialAction\":[{\"@type\":\"ReadAction\",\"target\":[\"https:\/\/gabarito.eu\/sitewp\/produtos\/\"]}]},{\"@type\":\"ImageObject\",\"inLanguage\":\"pt-PT\",\"@id\":\"https:\/\/gabarito.eu\/sitewp\/produtos\/#primaryimage\",\"url\":\"https:\/\/gabarito.eu\/sitewp\/wp-content\/uploads\/2023\/04\/Cozinha_Easytouch-Eleanor5-scaled.jpg\",\"contentUrl\":\"https:\/\/gabarito.eu\/sitewp\/wp-content\/uploads\/2023\/04\/Cozinha_Easytouch-Eleanor5-scaled.jpg\",\"width\":2560,\"height\":1541},{\"@type\":\"BreadcrumbList\",\"@id\":\"https:\/\/gabarito.eu\/sitewp\/produtos\/#breadcrumb\",\"itemListElement\":[{\"@type\":\"ListItem\",\"position\":1,\"name\":\"In\u00edcio\",\"item\":\"https:\/\/gabarito.eu\/sitewp\/\"},{\"@type\":\"ListItem\",\"position\":2,\"name\":\"Cole\u00e7\u00e3o\"}]},{\"@type\":\"WebSite\",\"@id\":\"https:\/\/gabarito.eu\/sitewp\/#website\",\"url\":\"https:\/\/gabarito.eu\/sitewp\/\",\"name\":\"Gabarito\",\"description\":\"Cozinhas Alem\u00e3s Premium\",\"publisher\":{\"@id\":\"https:\/\/gabarito.eu\/sitewp\/#organization\"},\"potentialAction\":[{\"@type\":\"SearchAction\",\"target\":{\"@type\":\"EntryPoint\",\"urlTemplate\":\"https:\/\/gabarito.eu\/sitewp\/?s={search_term_string}\"},\"query-input\":{\"@type\":\"PropertyValueSpecification\",\"valueRequired\":true,\"valueName\":\"search_term_string\"}}],\"inLanguage\":\"pt-PT\"},{\"@type\":\"Organization\",\"@id\":\"https:\/\/gabarito.eu\/sitewp\/#organization\",\"name\":\"Gabarito\",\"url\":\"https:\/\/gabarito.eu\/sitewp\/\",\"logo\":{\"@type\":\"ImageObject\",\"inLanguage\":\"pt-PT\",\"@id\":\"https:\/\/gabarito.eu\/sitewp\/#\/schema\/logo\/image\/\",\"url\":\"https:\/\/gabarito.eu\/sitewp\/wp-content\/uploads\/2023\/02\/logotipo_alinhado-esq_png.png\",\"contentUrl\":\"https:\/\/gabarito.eu\/sitewp\/wp-content\/uploads\/2023\/02\/logotipo_alinhado-esq_png.png\",\"width\":350,\"height\":100,\"caption\":\"Gabarito\"},\"image\":{\"@id\":\"https:\/\/gabarito.eu\/sitewp\/#\/schema\/logo\/image\/\"},\"sameAs\":[\"https:\/\/www.facebook.com\/gabarito.eu\",\"https:\/\/www.instagram.com\/gabarito.eu\/\"]}]}<\/script>\n<!-- \/ Yoast SEO plugin. -->","yoast_head_json":{"title":"Cole\u00e7\u00e3o - Gabarito K\u00fcchen Design","robots":{"index":"index","follow":"follow","max-snippet":"max-snippet:-1","max-image-preview":"max-image-preview:large","max-video-preview":"max-video-preview:-1"},"canonical":"https:\/\/gabarito.eu\/sitewp\/produtos\/","og_locale":"pt_PT","og_type":"article","og_title":"Cole\u00e7\u00e3o - Gabarito K\u00fcchen Design","og_description":"Cozinhas Living Casas de banho","og_url":"https:\/\/gabarito.eu\/sitewp\/produtos\/","og_site_name":"Gabarito K\u00fcchen Design","article_publisher":"https:\/\/www.facebook.com\/gabarito.eu","article_modified_time":"2025-11-26T12:44:45+00:00","og_image":[{"width":2560,"height":1541,"url":"https:\/\/gabarito.eu\/sitewp\/wp-content\/uploads\/2023\/04\/Cozinha_Easytouch-Eleanor5-scaled.jpg","type":"image\/jpeg"}],"twitter_card":"summary_large_image","twitter_misc":{"Tempo estimado de leitura":"1 minuto"},"schema":{"@context":"https:\/\/schema.org","@graph":[{"@type":"WebPage","@id":"https:\/\/gabarito.eu\/sitewp\/produtos\/","url":"https:\/\/gabarito.eu\/sitewp\/produtos\/","name":"Cole\u00e7\u00e3o - Gabarito K\u00fcchen Design","isPartOf":{"@id":"https:\/\/gabarito.eu\/sitewp\/#website"},"primaryImageOfPage":{"@id":"https:\/\/gabarito.eu\/sitewp\/produtos\/#primaryimage"},"image":{"@id":"https:\/\/gabarito.eu\/sitewp\/produtos\/#primaryimage"},"thumbnailUrl":"https:\/\/gabarito.eu\/sitewp\/wp-content\/uploads\/2023\/04\/Cozinha_Easytouch-Eleanor5-300x181.jpg","datePublished":"2025-11-26T12:36:32+00:00","dateModified":"2025-11-26T12:44:45+00:00","breadcrumb":{"@id":"https:\/\/gabarito.eu\/sitewp\/produtos\/#breadcrumb"},"inLanguage":"pt-PT","potentialAction":[{"@type":"ReadAction","target":["https:\/\/gabarito.eu\/sitewp\/produtos\/"]}]},{"@type":"ImageObject","inLanguage":"pt-PT","@id":"https:\/\/gabarito.eu\/sitewp\/produtos\/#primaryimage","url":"https:\/\/gabarito.eu\/sitewp\/wp-content\/uploads\/2023\/04\/Cozinha_Easytouch-Eleanor5-scaled.jpg","contentUrl":"https:\/\/gabarito.eu\/sitewp\/wp-content\/uploads\/2023\/04\/Cozinha_Easytouch-Eleanor5-scaled.jpg","width":2560,"height":1541},{"@type":"BreadcrumbList","@id":"https:\/\/gabarito.eu\/sitewp\/produtos\/#breadcrumb","itemListElement":[{"@type":"ListItem","position":1,"name":"In\u00edcio","item":"https:\/\/gabarito.eu\/sitewp\/"},{"@type":"ListItem","position":2,"name":"Cole\u00e7\u00e3o"}]},{"@type":"WebSite","@id":"https:\/\/gabarito.eu\/sitewp\/#website","url":"https:\/\/gabarito.eu\/sitewp\/","name":"Gabarito","description":"Cozinhas Alem\u00e3s Premium","publisher":{"@id":"https:\/\/gabarito.eu\/sitewp\/#organization"},"potentialAction":[{"@type":"SearchAction","target":{"@type":"EntryPoint","urlTemplate":"https:\/\/gabarito.eu\/sitewp\/?s={search_term_string}"},"query-input":{"@type":"PropertyValueSpecification","valueRequired":true,"valueName":"search_term_string"}}],"inLanguage":"pt-PT"},{"@type":"Organization","@id":"https:\/\/gabarito.eu\/sitewp\/#organization","name":"Gabarito","url":"https:\/\/gabarito.eu\/sitewp\/","logo":{"@type":"ImageObject","inLanguage":"pt-PT","@id":"https:\/\/gabarito.eu\/sitewp\/#\/schema\/logo\/image\/","url":"https:\/\/gabarito.eu\/sitewp\/wp-content\/uploads\/2023\/02\/logotipo_alinhado-esq_png.png","contentUrl":"https:\/\/gabarito.eu\/sitewp\/wp-content\/uploads\/2023\/02\/logotipo_alinhado-esq_png.png","width":350,"height":100,"caption":"Gabarito"},"image":{"@id":"https:\/\/gabarito.eu\/sitewp\/#\/schema\/logo\/image\/"},"sameAs":["https:\/\/www.facebook.com\/gabarito.eu","https:\/\/www.instagram.com\/gabarito.eu\/"]}]}},"_links":{"self":[{"href":"https:\/\/gabarito.eu\/sitewp\/wp-json\/wp\/v2\/pages\/909","targetHints":{"allow":["GET"]}}],"collection":[{"href":"https:\/\/gabarito.eu\/sitewp\/wp-json\/wp\/v2\/pages"}],"about":[{"href":"https:\/\/gabarito.eu\/sitewp\/wp-json\/wp\/v2\/types\/page"}],"author":[{"embeddable":true,"href":"https:\/\/gabarito.eu\/sitewp\/wp-json\/wp\/v2\/users\/2"}],"replies":[{"embeddable":true,"href":"https:\/\/gabarito.eu\/sitewp\/wp-json\/wp\/v2\/comments?post=909"}],"version-history":[{"count":8,"href":"https:\/\/gabarito.eu\/sitewp\/wp-json\/wp\/v2\/pages\/909\/revisions"}],"predecessor-version":[{"id":919,"href":"https:\/\/gabarito.eu\/sitewp\/wp-json\/wp\/v2\/pages\/909\/revisions\/919"}],"wp:attachment":[{"href":"https:\/\/gabarito.eu\/sitewp\/wp-json\/wp\/v2\/media?parent=909"}],"curies":[{"name":"wp","href":"https:\/\/api.w.org\/{rel}","templated":true}]}}