{"id":686,"date":"2023-08-05T17:25:37","date_gmt":"2023-08-05T17:25:37","guid":{"rendered":"https:\/\/gabarito.eu\/sitewp\/?page_id=686"},"modified":"2025-10-10T11:08:19","modified_gmt":"2025-10-10T11:08:19","slug":"blog-2","status":"publish","type":"page","link":"https:\/\/gabarito.eu\/sitewp\/blog-2\/","title":{"rendered":"Blog"},"content":{"rendered":"\t\t<div data-elementor-type=\"wp-page\" data-elementor-id=\"686\" class=\"elementor elementor-686\">\n\t\t\t\t\t\t<section class=\"elementor-section elementor-top-section elementor-element elementor-element-ee3ef27 elementor-section-boxed elementor-section-height-default elementor-section-height-default\" data-id=\"ee3ef27\" data-element_type=\"section\" data-e-type=\"section\">\n\t\t\t\t\t\t<div class=\"elementor-container elementor-column-gap-default\">\n\t\t\t\t\t<div class=\"elementor-column elementor-col-100 elementor-top-column elementor-element elementor-element-9ceb98d\" data-id=\"9ceb98d\" data-element_type=\"column\" data-e-type=\"column\">\n\t\t\t<div class=\"elementor-widget-wrap elementor-element-populated\">\n\t\t\t\t\t\t<section class=\"elementor-section elementor-inner-section elementor-element elementor-element-ce215a6 elementor-section-boxed elementor-section-height-default elementor-section-height-default\" data-id=\"ce215a6\" data-element_type=\"section\" data-e-type=\"section\">\n\t\t\t\t\t\t<div class=\"elementor-container elementor-column-gap-default\">\n\t\t\t\t\t<div class=\"elementor-column elementor-col-50 elementor-inner-column elementor-element elementor-element-cd198ec\" data-id=\"cd198ec\" data-element_type=\"column\" data-e-type=\"column\">\n\t\t\t<div class=\"elementor-widget-wrap elementor-element-populated\">\n\t\t\t\t\t\t<div class=\"elementor-element elementor-element-092fdbb elementor-widget elementor-widget-image\" data-id=\"092fdbb\" data-element_type=\"widget\" data-e-type=\"widget\" data-widget_type=\"image.default\">\n\t\t\t\t<div class=\"elementor-widget-container\">\n\t\t\t\t\t\t\t\t\t\t\t\t\t\t\t\t<a href=\"https:\/\/gabarito.eu\/sitewp\/2023\/08\/15\/cozinhas-elegantes-e-uteis-5-pontos-a-considerar-ao-escolher-uma-cozinha\/\">\n\t\t\t\t\t\t\t<img fetchpriority=\"high\" decoding=\"async\" width=\"800\" height=\"549\" src=\"https:\/\/gabarito.eu\/sitewp\/wp-content\/uploads\/2023\/08\/3P-Furniture-Panel_Cozinha-Gabarito-1024x703.jpg\" class=\"attachment-large size-large wp-image-753\" alt=\"Cozinha Gabarito\" srcset=\"https:\/\/gabarito.eu\/sitewp\/wp-content\/uploads\/2023\/08\/3P-Furniture-Panel_Cozinha-Gabarito-1024x703.jpg 1024w, https:\/\/gabarito.eu\/sitewp\/wp-content\/uploads\/2023\/08\/3P-Furniture-Panel_Cozinha-Gabarito-300x206.jpg 300w, https:\/\/gabarito.eu\/sitewp\/wp-content\/uploads\/2023\/08\/3P-Furniture-Panel_Cozinha-Gabarito-768x528.jpg 768w, https:\/\/gabarito.eu\/sitewp\/wp-content\/uploads\/2023\/08\/3P-Furniture-Panel_Cozinha-Gabarito-1536x1055.jpg 1536w, https:\/\/gabarito.eu\/sitewp\/wp-content\/uploads\/2023\/08\/3P-Furniture-Panel_Cozinha-Gabarito.jpg 1600w\" sizes=\"(max-width: 800px) 100vw, 800px\" \/>\t\t\t\t\t\t\t\t<\/a>\n\t\t\t\t\t\t\t\t\t\t\t\t\t\t\t<\/div>\n\t\t\t\t<\/div>\n\t\t\t\t\t<\/div>\n\t\t<\/div>\n\t\t\t\t<div class=\"elementor-column elementor-col-50 elementor-inner-column elementor-element elementor-element-339b06e\" data-id=\"339b06e\" data-element_type=\"column\" data-e-type=\"column\">\n\t\t\t<div class=\"elementor-widget-wrap elementor-element-populated\">\n\t\t\t\t\t\t<div class=\"elementor-element elementor-element-57d9532 elementor-widget elementor-widget-text-editor\" data-id=\"57d9532\" data-element_type=\"widget\" data-e-type=\"widget\" data-widget_type=\"text-editor.default\">\n\t\t\t\t<div class=\"elementor-widget-container\">\n\t\t\t\t\t\t\t\t\t<h1 class=\"entry-title\">Cozinhas elegantes e \u00fateis: 5 pontos a considerar ao escolher uma cozinha<\/h1>\t\t\t\t\t\t\t\t<\/div>\n\t\t\t\t<\/div>\n\t\t\t\t<div class=\"elementor-element elementor-element-cc55fc3 elementor-button-info elementor-widget elementor-widget-button\" data-id=\"cc55fc3\" data-element_type=\"widget\" data-e-type=\"widget\" data-widget_type=\"button.default\">\n\t\t\t\t<div class=\"elementor-widget-container\">\n\t\t\t\t\t\t\t\t\t<div class=\"elementor-button-wrapper\">\n\t\t\t\t\t<a class=\"elementor-button elementor-button-link elementor-size-sm\" href=\"https:\/\/gabarito.eu\/sitewp\/2023\/08\/15\/cozinhas-elegantes-e-uteis-5-pontos-a-considerar-ao-escolher-uma-cozinha\/\" target=\"_blank\">\n\t\t\t\t\t\t<span class=\"elementor-button-content-wrapper\">\n\t\t\t\t\t\t\t\t\t<span class=\"elementor-button-text\">Leia mais<\/span>\n\t\t\t\t\t<\/span>\n\t\t\t\t\t<\/a>\n\t\t\t\t<\/div>\n\t\t\t\t\t\t\t\t<\/div>\n\t\t\t\t<\/div>\n\t\t\t\t\t<\/div>\n\t\t<\/div>\n\t\t\t\t\t<\/div>\n\t\t<\/section>\n\t\t\t\t\t<\/div>\n\t\t<\/div>\n\t\t\t\t\t<\/div>\n\t\t<\/section>\n\t\t\t\t<section class=\"elementor-section elementor-top-section elementor-element elementor-element-edb44dc elementor-section-boxed elementor-section-height-default elementor-section-height-default\" data-id=\"edb44dc\" data-element_type=\"section\" data-e-type=\"section\">\n\t\t\t\t\t\t<div class=\"elementor-container elementor-column-gap-default\">\n\t\t\t\t\t<div class=\"elementor-column elementor-col-50 elementor-top-column elementor-element elementor-element-40d8e93\" data-id=\"40d8e93\" data-element_type=\"column\" data-e-type=\"column\">\n\t\t\t<div class=\"elementor-widget-wrap elementor-element-populated\">\n\t\t\t\t\t\t<div class=\"elementor-element elementor-element-818aa2c elementor-widget elementor-widget-text-editor\" data-id=\"818aa2c\" data-element_type=\"widget\" data-e-type=\"widget\" data-widget_type=\"text-editor.default\">\n\t\t\t\t<div class=\"elementor-widget-container\">\n\t\t\t\t\t\t\t\t\t<h1>Cozinhas inteligentes: a integra\u00e7\u00e3o da tecnologia em designs de cozinhas<\/h1>\t\t\t\t\t\t\t\t<\/div>\n\t\t\t\t<\/div>\n\t\t\t\t<div class=\"elementor-element elementor-element-073d095 elementor-widget elementor-widget-button\" data-id=\"073d095\" data-element_type=\"widget\" data-e-type=\"widget\" data-widget_type=\"button.default\">\n\t\t\t\t<div class=\"elementor-widget-container\">\n\t\t\t\t\t\t\t\t\t<div class=\"elementor-button-wrapper\">\n\t\t\t\t\t<a class=\"elementor-button elementor-button-link elementor-size-sm\" href=\"https:\/\/gabarito.eu\/sitewp\/2024\/06\/11\/elementor-853\/\" target=\"_blank\">\n\t\t\t\t\t\t<span class=\"elementor-button-content-wrapper\">\n\t\t\t\t\t\t\t\t\t<span class=\"elementor-button-text\">Leia mais<\/span>\n\t\t\t\t\t<\/span>\n\t\t\t\t\t<\/a>\n\t\t\t\t<\/div>\n\t\t\t\t\t\t\t\t<\/div>\n\t\t\t\t<\/div>\n\t\t\t\t\t<\/div>\n\t\t<\/div>\n\t\t\t\t<div class=\"elementor-column elementor-col-50 elementor-top-column elementor-element elementor-element-acc0423\" data-id=\"acc0423\" data-element_type=\"column\" data-e-type=\"column\">\n\t\t\t<div class=\"elementor-widget-wrap elementor-element-populated\">\n\t\t\t\t\t\t<div class=\"elementor-element elementor-element-1b7a25c elementor-widget elementor-widget-image\" data-id=\"1b7a25c\" data-element_type=\"widget\" data-e-type=\"widget\" data-widget_type=\"image.default\">\n\t\t\t\t<div class=\"elementor-widget-container\">\n\t\t\t\t\t\t\t\t\t\t\t\t\t\t\t<img decoding=\"async\" width=\"800\" height=\"381\" src=\"https:\/\/gabarito.eu\/sitewp\/wp-content\/uploads\/2023\/01\/503_flash-1024x488.jpg\" class=\"attachment-large size-large wp-image-87\" alt=\"\" srcset=\"https:\/\/gabarito.eu\/sitewp\/wp-content\/uploads\/2023\/01\/503_flash-1024x488.jpg 1024w, https:\/\/gabarito.eu\/sitewp\/wp-content\/uploads\/2023\/01\/503_flash-300x143.jpg 300w, https:\/\/gabarito.eu\/sitewp\/wp-content\/uploads\/2023\/01\/503_flash-768x366.jpg 768w, https:\/\/gabarito.eu\/sitewp\/wp-content\/uploads\/2023\/01\/503_flash-1536x731.jpg 1536w, https:\/\/gabarito.eu\/sitewp\/wp-content\/uploads\/2023\/01\/503_flash-1140x543.jpg 1140w, https:\/\/gabarito.eu\/sitewp\/wp-content\/uploads\/2023\/01\/503_flash-920x438.jpg 920w, https:\/\/gabarito.eu\/sitewp\/wp-content\/uploads\/2023\/01\/503_flash-575x274.jpg 575w, https:\/\/gabarito.eu\/sitewp\/wp-content\/uploads\/2023\/01\/503_flash-380x181.jpg 380w, https:\/\/gabarito.eu\/sitewp\/wp-content\/uploads\/2023\/01\/503_flash.jpg 1680w\" sizes=\"(max-width: 800px) 100vw, 800px\" \/>\t\t\t\t\t\t\t\t\t\t\t\t\t\t\t<\/div>\n\t\t\t\t<\/div>\n\t\t\t\t\t<\/div>\n\t\t<\/div>\n\t\t\t\t\t<\/div>\n\t\t<\/section>\n\t\t\t\t<\/div>\n\t\t","protected":false},"excerpt":{"rendered":"<p>Cozinhas elegantes e \u00fateis: 5 pontos a considerar ao escolher uma cozinha Leia mais Cozinhas inteligentes: a integra\u00e7\u00e3o da tecnologia em designs de cozinhas Leia mais<\/p>\n","protected":false},"author":1,"featured_media":0,"parent":0,"menu_order":0,"comment_status":"closed","ping_status":"closed","template":"","meta":{"footnotes":""},"class_list":["post-686","page","type-page","status-publish","hentry"],"yoast_head":"<!-- This site is optimized with the Yoast SEO plugin v26.2 - https:\/\/yoast.com\/wordpress\/plugins\/seo\/ -->\n<title>Blog - Gabarito K\u00fcchen Design<\/title>\n<meta name=\"robots\" content=\"index, follow, max-snippet:-1, max-image-preview:large, max-video-preview:-1\" \/>\n<link rel=\"canonical\" href=\"https:\/\/gabarito.eu\/sitewp\/blog-2\/\" \/>\n<meta property=\"og:locale\" content=\"pt_PT\" \/>\n<meta property=\"og:type\" content=\"article\" \/>\n<meta property=\"og:title\" content=\"Blog - Gabarito K\u00fcchen Design\" \/>\n<meta property=\"og:description\" content=\"Cozinhas elegantes e \u00fateis: 5 pontos a considerar ao escolher uma cozinha Leia mais Cozinhas inteligentes: a integra\u00e7\u00e3o da tecnologia em designs de cozinhas Leia mais\" \/>\n<meta property=\"og:url\" content=\"https:\/\/gabarito.eu\/sitewp\/blog-2\/\" \/>\n<meta property=\"og:site_name\" content=\"Gabarito K\u00fcchen Design\" \/>\n<meta property=\"article:publisher\" content=\"https:\/\/www.facebook.com\/gabarito.eu\" \/>\n<meta property=\"article:modified_time\" content=\"2025-10-10T11:08:19+00:00\" \/>\n<meta property=\"og:image\" content=\"https:\/\/gabarito.eu\/sitewp\/wp-content\/uploads\/2023\/08\/3P-Furniture-Panel_Cozinha-Gabarito-1024x703.jpg\" \/>\n<meta name=\"twitter:card\" content=\"summary_large_image\" \/>\n<meta name=\"twitter:label1\" content=\"Tempo estimado de leitura\" \/>\n\t<meta name=\"twitter:data1\" content=\"1 minuto\" \/>\n<script type=\"application\/ld+json\" class=\"yoast-schema-graph\">{\"@context\":\"https:\/\/schema.org\",\"@graph\":[{\"@type\":\"WebPage\",\"@id\":\"https:\/\/gabarito.eu\/sitewp\/blog-2\/\",\"url\":\"https:\/\/gabarito.eu\/sitewp\/blog-2\/\",\"name\":\"Blog - Gabarito K\u00fcchen Design\",\"isPartOf\":{\"@id\":\"https:\/\/gabarito.eu\/sitewp\/#website\"},\"primaryImageOfPage\":{\"@id\":\"https:\/\/gabarito.eu\/sitewp\/blog-2\/#primaryimage\"},\"image\":{\"@id\":\"https:\/\/gabarito.eu\/sitewp\/blog-2\/#primaryimage\"},\"thumbnailUrl\":\"https:\/\/gabarito.eu\/sitewp\/wp-content\/uploads\/2023\/08\/3P-Furniture-Panel_Cozinha-Gabarito-1024x703.jpg\",\"datePublished\":\"2023-08-05T17:25:37+00:00\",\"dateModified\":\"2025-10-10T11:08:19+00:00\",\"breadcrumb\":{\"@id\":\"https:\/\/gabarito.eu\/sitewp\/blog-2\/#breadcrumb\"},\"inLanguage\":\"pt-PT\",\"potentialAction\":[{\"@type\":\"ReadAction\",\"target\":[\"https:\/\/gabarito.eu\/sitewp\/blog-2\/\"]}]},{\"@type\":\"ImageObject\",\"inLanguage\":\"pt-PT\",\"@id\":\"https:\/\/gabarito.eu\/sitewp\/blog-2\/#primaryimage\",\"url\":\"https:\/\/gabarito.eu\/sitewp\/wp-content\/uploads\/2023\/08\/3P-Furniture-Panel_Cozinha-Gabarito.jpg\",\"contentUrl\":\"https:\/\/gabarito.eu\/sitewp\/wp-content\/uploads\/2023\/08\/3P-Furniture-Panel_Cozinha-Gabarito.jpg\",\"width\":1600,\"height\":1099,\"caption\":\"Cozinha Gabarito\"},{\"@type\":\"BreadcrumbList\",\"@id\":\"https:\/\/gabarito.eu\/sitewp\/blog-2\/#breadcrumb\",\"itemListElement\":[{\"@type\":\"ListItem\",\"position\":1,\"name\":\"In\u00edcio\",\"item\":\"https:\/\/gabarito.eu\/sitewp\/\"},{\"@type\":\"ListItem\",\"position\":2,\"name\":\"Blog\"}]},{\"@type\":\"WebSite\",\"@id\":\"https:\/\/gabarito.eu\/sitewp\/#website\",\"url\":\"https:\/\/gabarito.eu\/sitewp\/\",\"name\":\"Gabarito\",\"description\":\"Cozinhas Alem\u00e3s Premium\",\"publisher\":{\"@id\":\"https:\/\/gabarito.eu\/sitewp\/#organization\"},\"potentialAction\":[{\"@type\":\"SearchAction\",\"target\":{\"@type\":\"EntryPoint\",\"urlTemplate\":\"https:\/\/gabarito.eu\/sitewp\/?s={search_term_string}\"},\"query-input\":{\"@type\":\"PropertyValueSpecification\",\"valueRequired\":true,\"valueName\":\"search_term_string\"}}],\"inLanguage\":\"pt-PT\"},{\"@type\":\"Organization\",\"@id\":\"https:\/\/gabarito.eu\/sitewp\/#organization\",\"name\":\"Gabarito\",\"url\":\"https:\/\/gabarito.eu\/sitewp\/\",\"logo\":{\"@type\":\"ImageObject\",\"inLanguage\":\"pt-PT\",\"@id\":\"https:\/\/gabarito.eu\/sitewp\/#\/schema\/logo\/image\/\",\"url\":\"https:\/\/gabarito.eu\/sitewp\/wp-content\/uploads\/2023\/02\/logotipo_alinhado-esq_png.png\",\"contentUrl\":\"https:\/\/gabarito.eu\/sitewp\/wp-content\/uploads\/2023\/02\/logotipo_alinhado-esq_png.png\",\"width\":350,\"height\":100,\"caption\":\"Gabarito\"},\"image\":{\"@id\":\"https:\/\/gabarito.eu\/sitewp\/#\/schema\/logo\/image\/\"},\"sameAs\":[\"https:\/\/www.facebook.com\/gabarito.eu\",\"https:\/\/www.instagram.com\/gabarito.eu\/\"]}]}<\/script>\n<!-- \/ Yoast SEO plugin. -->","yoast_head_json":{"title":"Blog - Gabarito K\u00fcchen Design","robots":{"index":"index","follow":"follow","max-snippet":"max-snippet:-1","max-image-preview":"max-image-preview:large","max-video-preview":"max-video-preview:-1"},"canonical":"https:\/\/gabarito.eu\/sitewp\/blog-2\/","og_locale":"pt_PT","og_type":"article","og_title":"Blog - Gabarito K\u00fcchen Design","og_description":"Cozinhas elegantes e \u00fateis: 5 pontos a considerar ao escolher uma cozinha Leia mais Cozinhas inteligentes: a integra\u00e7\u00e3o da tecnologia em designs de cozinhas Leia mais","og_url":"https:\/\/gabarito.eu\/sitewp\/blog-2\/","og_site_name":"Gabarito K\u00fcchen Design","article_publisher":"https:\/\/www.facebook.com\/gabarito.eu","article_modified_time":"2025-10-10T11:08:19+00:00","og_image":[{"url":"https:\/\/gabarito.eu\/sitewp\/wp-content\/uploads\/2023\/08\/3P-Furniture-Panel_Cozinha-Gabarito-1024x703.jpg","type":"","width":"","height":""}],"twitter_card":"summary_large_image","twitter_misc":{"Tempo estimado de leitura":"1 minuto"},"schema":{"@context":"https:\/\/schema.org","@graph":[{"@type":"WebPage","@id":"https:\/\/gabarito.eu\/sitewp\/blog-2\/","url":"https:\/\/gabarito.eu\/sitewp\/blog-2\/","name":"Blog - Gabarito K\u00fcchen Design","isPartOf":{"@id":"https:\/\/gabarito.eu\/sitewp\/#website"},"primaryImageOfPage":{"@id":"https:\/\/gabarito.eu\/sitewp\/blog-2\/#primaryimage"},"image":{"@id":"https:\/\/gabarito.eu\/sitewp\/blog-2\/#primaryimage"},"thumbnailUrl":"https:\/\/gabarito.eu\/sitewp\/wp-content\/uploads\/2023\/08\/3P-Furniture-Panel_Cozinha-Gabarito-1024x703.jpg","datePublished":"2023-08-05T17:25:37+00:00","dateModified":"2025-10-10T11:08:19+00:00","breadcrumb":{"@id":"https:\/\/gabarito.eu\/sitewp\/blog-2\/#breadcrumb"},"inLanguage":"pt-PT","potentialAction":[{"@type":"ReadAction","target":["https:\/\/gabarito.eu\/sitewp\/blog-2\/"]}]},{"@type":"ImageObject","inLanguage":"pt-PT","@id":"https:\/\/gabarito.eu\/sitewp\/blog-2\/#primaryimage","url":"https:\/\/gabarito.eu\/sitewp\/wp-content\/uploads\/2023\/08\/3P-Furniture-Panel_Cozinha-Gabarito.jpg","contentUrl":"https:\/\/gabarito.eu\/sitewp\/wp-content\/uploads\/2023\/08\/3P-Furniture-Panel_Cozinha-Gabarito.jpg","width":1600,"height":1099,"caption":"Cozinha Gabarito"},{"@type":"BreadcrumbList","@id":"https:\/\/gabarito.eu\/sitewp\/blog-2\/#breadcrumb","itemListElement":[{"@type":"ListItem","position":1,"name":"In\u00edcio","item":"https:\/\/gabarito.eu\/sitewp\/"},{"@type":"ListItem","position":2,"name":"Blog"}]},{"@type":"WebSite","@id":"https:\/\/gabarito.eu\/sitewp\/#website","url":"https:\/\/gabarito.eu\/sitewp\/","name":"Gabarito","description":"Cozinhas Alem\u00e3s Premium","publisher":{"@id":"https:\/\/gabarito.eu\/sitewp\/#organization"},"potentialAction":[{"@type":"SearchAction","target":{"@type":"EntryPoint","urlTemplate":"https:\/\/gabarito.eu\/sitewp\/?s={search_term_string}"},"query-input":{"@type":"PropertyValueSpecification","valueRequired":true,"valueName":"search_term_string"}}],"inLanguage":"pt-PT"},{"@type":"Organization","@id":"https:\/\/gabarito.eu\/sitewp\/#organization","name":"Gabarito","url":"https:\/\/gabarito.eu\/sitewp\/","logo":{"@type":"ImageObject","inLanguage":"pt-PT","@id":"https:\/\/gabarito.eu\/sitewp\/#\/schema\/logo\/image\/","url":"https:\/\/gabarito.eu\/sitewp\/wp-content\/uploads\/2023\/02\/logotipo_alinhado-esq_png.png","contentUrl":"https:\/\/gabarito.eu\/sitewp\/wp-content\/uploads\/2023\/02\/logotipo_alinhado-esq_png.png","width":350,"height":100,"caption":"Gabarito"},"image":{"@id":"https:\/\/gabarito.eu\/sitewp\/#\/schema\/logo\/image\/"},"sameAs":["https:\/\/www.facebook.com\/gabarito.eu","https:\/\/www.instagram.com\/gabarito.eu\/"]}]}},"_links":{"self":[{"href":"https:\/\/gabarito.eu\/sitewp\/wp-json\/wp\/v2\/pages\/686","targetHints":{"allow":["GET"]}}],"collection":[{"href":"https:\/\/gabarito.eu\/sitewp\/wp-json\/wp\/v2\/pages"}],"about":[{"href":"https:\/\/gabarito.eu\/sitewp\/wp-json\/wp\/v2\/types\/page"}],"author":[{"embeddable":true,"href":"https:\/\/gabarito.eu\/sitewp\/wp-json\/wp\/v2\/users\/1"}],"replies":[{"embeddable":true,"href":"https:\/\/gabarito.eu\/sitewp\/wp-json\/wp\/v2\/comments?post=686"}],"version-history":[{"count":45,"href":"https:\/\/gabarito.eu\/sitewp\/wp-json\/wp\/v2\/pages\/686\/revisions"}],"predecessor-version":[{"id":899,"href":"https:\/\/gabarito.eu\/sitewp\/wp-json\/wp\/v2\/pages\/686\/revisions\/899"}],"wp:attachment":[{"href":"https:\/\/gabarito.eu\/sitewp\/wp-json\/wp\/v2\/media?parent=686"}],"curies":[{"name":"wp","href":"https:\/\/api.w.org\/{rel}","templated":true}]}}