{"id":485,"date":"2023-02-24T21:27:43","date_gmt":"2023-02-24T21:27:43","guid":{"rendered":"https:\/\/gabarito.eu\/sitewp\/?page_id=485"},"modified":"2023-02-24T21:31:57","modified_gmt":"2023-02-24T21:31:57","slug":"termos-e-condicoes","status":"publish","type":"page","link":"https:\/\/gabarito.eu\/sitewp\/termos-e-condicoes\/","title":{"rendered":"Termos e Condi\u00e7\u00f5es"},"content":{"rendered":"\t\t<div data-elementor-type=\"wp-page\" data-elementor-id=\"485\" class=\"elementor elementor-485\">\n\t\t\t\t\t\t<section class=\"elementor-section elementor-top-section elementor-element elementor-element-fe3fc51 elementor-section-boxed elementor-section-height-default elementor-section-height-default\" data-id=\"fe3fc51\" data-element_type=\"section\" data-e-type=\"section\">\n\t\t\t\t\t\t<div class=\"elementor-container elementor-column-gap-default\">\n\t\t\t\t\t<div class=\"elementor-column elementor-col-100 elementor-top-column elementor-element elementor-element-45d083b\" data-id=\"45d083b\" data-element_type=\"column\" data-e-type=\"column\">\n\t\t\t<div class=\"elementor-widget-wrap elementor-element-populated\">\n\t\t\t\t\t\t<div class=\"elementor-element elementor-element-c1af9fc elementor-widget elementor-widget-heading\" data-id=\"c1af9fc\" data-element_type=\"widget\" data-e-type=\"widget\" data-widget_type=\"heading.default\">\n\t\t\t\t<div class=\"elementor-widget-container\">\n\t\t\t\t\t<h2 class=\"elementor-heading-title elementor-size-default\">Termos e Condi\u00e7\u00f5es<\/h2>\t\t\t\t<\/div>\n\t\t\t\t<\/div>\n\t\t\t\t<div class=\"elementor-element elementor-element-dc0fb27 elementor-widget elementor-widget-text-editor\" data-id=\"dc0fb27\" data-element_type=\"widget\" data-e-type=\"widget\" data-widget_type=\"text-editor.default\">\n\t\t\t\t<div class=\"elementor-widget-container\">\n\t\t\t\t\t\t\t\t\t<h2><span style=\"color: rgb(68, 68, 68);\">1. Termos<\/span><\/h2>\n<p><span style=\"color: rgb(68, 68, 68);\">Ao acessar ao site <a href=\"gabarito.eu\">Gabarito<\/a>, concorda em cumprir estes termos de servi\u00e7o, todas as leis e regulamentos aplic\u00e1veis e concorda que \u00e9 respons\u00e1vel pelo cumprimento de todas as leis locais aplic\u00e1veis. Se n\u00e3o concordar com algum desses termos, est\u00e1 proibido de usar ou aceder a este site. Os materiais contidos neste site s\u00e3o protegidos pelas leis de direitos autorais e marcas comerciais aplic\u00e1veis.<\/span><\/p>\n<h2><span style=\"color: rgb(68, 68, 68);\">2. Uso de Licen\u00e7a<\/span><\/h2>\n<p><span style=\"color: rgb(68, 68, 68);\">\u00c9 concedida permiss\u00e3o para baixar temporariamente uma c\u00f3pia dos materiais (informa\u00e7\u00f5es ou software) no site Gabarito, apenas para visualiza\u00e7\u00e3o transit\u00f3ria pessoal e n\u00e3o comercial. Esta \u00e9 a concess\u00e3o de uma licen\u00e7a, n\u00e3o uma transfer\u00eancia de t\u00edtulo e, sob esta licen\u00e7a, voc\u00ea n\u00e3o pode:&nbsp;<\/span><\/p>\n<ol>\n<li><span style=\"color: rgb(68, 68, 68);\">modificar ou copiar os materiais;&nbsp;<\/span><\/li>\n<li><span style=\"color: rgb(68, 68, 68);\">usar os materiais para qualquer finalidade comercial ou para exibi\u00e7\u00e3o p\u00fablica (comercial ou n\u00e3o comercial);&nbsp;<\/span><\/li>\n<li><span style=\"color: rgb(68, 68, 68);\">tentar descompilar ou fazer engenharia reversa de qualquer software contido no site Gabarito;&nbsp;<\/span><\/li>\n<li><span style=\"color: rgb(68, 68, 68);\">remover quaisquer direitos autorais ou outras nota\u00e7\u00f5es de propriedade dos materiais; ou&nbsp;<\/span><\/li>\n<li><span style=\"color: rgb(68, 68, 68);\">transferir os materiais para outra pessoa ou &#8216;espelhe&#8217; os materiais em qualquer outro servidor.<\/span><\/li>\n<\/ol>\n<p><span style=\"color: rgb(68, 68, 68);\">Esta licen\u00e7a ser\u00e1 automaticamente rescindida se voc\u00ea violar alguma dessas restri\u00e7\u00f5es e poder\u00e1 ser rescindida por Gabarito a qualquer momento. Ao encerrar a visualiza\u00e7\u00e3o desses materiais ou ap\u00f3s o t\u00e9rmino desta licen\u00e7a, voc\u00ea deve apagar todos os materiais baixados em sua posse, seja em formato eletr\u00f3nico ou impresso.<\/span><\/p>\n<h2><span style=\"color: rgb(68, 68, 68);\">3. Isen\u00e7\u00e3o de responsabilidade<\/span><\/h2>\n<ol>\n<li><span style=\"color: rgb(68, 68, 68);\">Os materiais no site da Gabarito s\u00e3o fornecidos &#8216;como est\u00e3o&#8217;. A Gabarito n\u00e3o oferece garantias, expressas ou impl\u00edcitas, e, por este meio, isenta e nega todas as outras garantias, incluindo, sem limita\u00e7\u00e3o, garantias impl\u00edcitas ou condi\u00e7\u00f5es de comercializa\u00e7\u00e3o, adequa\u00e7\u00e3o a um fim espec\u00edfico ou n\u00e3o viola\u00e7\u00e3o de propriedade intelectual ou outra viola\u00e7\u00e3o de direitos.<\/span><\/li>\n<li><span style=\"color: rgb(68, 68, 68);\">Al\u00e9m disso, a Gabarito n\u00e3o garante ou faz qualquer representa\u00e7\u00e3o relativa \u00e0 precis\u00e3o, aos resultados prov\u00e1veis ou \u00e0 confiabilidade do uso dos materiais no seu site ou de outra forma relacionado a esses materiais ou em sites vinculados a este site.<\/span><\/li>\n<\/ol>\n<h2><span style=\"color: rgb(68, 68, 68);\">4. Limita\u00e7\u00f5es<\/span><\/h2>\n<p><span style=\"color: rgb(68, 68, 68);\">Em nenhum caso o Gabarito ou seus fornecedores ser\u00e3o respons\u00e1veis por quaisquer danos (incluindo, sem limita\u00e7\u00e3o, danos por perda de dados ou lucro ou devido a interrup\u00e7\u00e3o dos neg\u00f3cios) decorrentes do uso ou da incapacidade de usar os materiais em Gabarito, mesmo que Gabarito ou um representante autorizado da Gabarito tenha sido notificado oralmente ou por escrito da possibilidade de tais danos. Como algumas jurisdi\u00e7\u00f5es n\u00e3o permitem limita\u00e7\u00f5es em garantias impl\u00edcitas, ou limita\u00e7\u00f5es de responsabilidade por danos consequentes ou incidentais, essas limita\u00e7\u00f5es podem n\u00e3o se aplicar a voc\u00ea.<\/span><\/p>\n<h2><span style=\"color: rgb(68, 68, 68);\">5. Precis\u00e3o dos materiais<\/span><\/h2>\n<p><span style=\"color: rgb(68, 68, 68);\">Os materiais exibidos no site da Gabarito podem incluir erros t\u00e9cnicos, tipogr\u00e1ficos ou fotogr\u00e1ficos. Gabarito n\u00e3o garante que qualquer material em seu site seja preciso, completo ou atual. Gabarito pode fazer altera\u00e7\u00f5es nos materiais contidos em seu site a qualquer momento, sem aviso pr\u00e9vio. No entanto, Gabarito n\u00e3o se compromete a atualizar os materiais.<\/span><\/p>\n<h2><span style=\"color: rgb(68, 68, 68);\">6. Links<\/span><\/h2>\n<p><span style=\"color: rgb(68, 68, 68);\">O Gabarito n\u00e3o analisou todos os sites vinculados ao seu site e n\u00e3o \u00e9 respons\u00e1vel pelo conte\u00fado de nenhum site vinculado. A inclus\u00e3o de qualquer link n\u00e3o implica endosso por Gabarito do site. O uso de qualquer site vinculado \u00e9 por conta e risco do usu\u00e1rio.<\/span><\/p>\n<p><br><\/p>\n<h3><span style=\"color: rgb(68, 68, 68);\">Modifica\u00e7\u00f5es<\/span><\/h3>\n<p><span style=\"color: rgb(68, 68, 68);\">O Gabarito pode revisar estes termos de servi\u00e7o do site a qualquer momento, sem aviso pr\u00e9vio. Ao usar este site, voc\u00ea concorda em ficar vinculado \u00e0 vers\u00e3o atual desses termos de servi\u00e7o.<\/span><\/p>\n<h3><span style=\"color: rgb(68, 68, 68);\">Lei aplic\u00e1vel<\/span><\/h3>\n<p><span style=\"color: rgb(68, 68, 68);\">Estes termos e condi\u00e7\u00f5es s\u00e3o regidos e interpretados de acordo com as leis da Gabarito e voc\u00ea se submete irrevogavelmente \u00e0 jurisdi\u00e7\u00e3o exclusiva dos tribunais naquele distrito ou localidade.<\/span><\/p>\t\t\t\t\t\t\t\t<\/div>\n\t\t\t\t<\/div>\n\t\t\t\t\t<\/div>\n\t\t<\/div>\n\t\t\t\t\t<\/div>\n\t\t<\/section>\n\t\t\t\t<\/div>\n\t\t","protected":false},"excerpt":{"rendered":"<p>Termos e Condi\u00e7\u00f5es 1. Termos Ao acessar ao site Gabarito, concorda em cumprir estes termos de servi\u00e7o, todas as leis e regulamentos aplic\u00e1veis e concorda que \u00e9 respons\u00e1vel pelo cumprimento de todas as leis locais aplic\u00e1veis. Se n\u00e3o concordar com algum desses termos, est\u00e1 proibido de usar ou aceder a este site. Os materiais contidos [&hellip;]<\/p>\n","protected":false},"author":2,"featured_media":0,"parent":0,"menu_order":0,"comment_status":"closed","ping_status":"closed","template":"","meta":{"footnotes":""},"class_list":["post-485","page","type-page","status-publish","hentry"],"yoast_head":"<!-- This site is optimized with the Yoast SEO plugin v26.2 - https:\/\/yoast.com\/wordpress\/plugins\/seo\/ -->\n<title>Termos e Condi\u00e7\u00f5es - Gabarito K\u00fcchen Design<\/title>\n<meta name=\"robots\" content=\"index, follow, max-snippet:-1, max-image-preview:large, max-video-preview:-1\" \/>\n<link rel=\"canonical\" href=\"https:\/\/gabarito.eu\/sitewp\/termos-e-condicoes\/\" \/>\n<meta property=\"og:locale\" content=\"pt_PT\" \/>\n<meta property=\"og:type\" content=\"article\" \/>\n<meta property=\"og:title\" content=\"Termos e Condi\u00e7\u00f5es - Gabarito K\u00fcchen Design\" \/>\n<meta property=\"og:description\" content=\"Termos e Condi\u00e7\u00f5es 1. Termos Ao acessar ao site Gabarito, concorda em cumprir estes termos de servi\u00e7o, todas as leis e regulamentos aplic\u00e1veis e concorda que \u00e9 respons\u00e1vel pelo cumprimento de todas as leis locais aplic\u00e1veis. Se n\u00e3o concordar com algum desses termos, est\u00e1 proibido de usar ou aceder a este site. Os materiais contidos [&hellip;]\" \/>\n<meta property=\"og:url\" content=\"https:\/\/gabarito.eu\/sitewp\/termos-e-condicoes\/\" \/>\n<meta property=\"og:site_name\" content=\"Gabarito K\u00fcchen Design\" \/>\n<meta property=\"article:publisher\" content=\"https:\/\/www.facebook.com\/gabarito.eu\" \/>\n<meta property=\"article:modified_time\" content=\"2023-02-24T21:31:57+00:00\" \/>\n<meta name=\"twitter:card\" content=\"summary_large_image\" \/>\n<meta name=\"twitter:label1\" content=\"Tempo estimado de leitura\" \/>\n\t<meta name=\"twitter:data1\" content=\"4 minutos\" \/>\n<script type=\"application\/ld+json\" class=\"yoast-schema-graph\">{\"@context\":\"https:\/\/schema.org\",\"@graph\":[{\"@type\":\"WebPage\",\"@id\":\"https:\/\/gabarito.eu\/sitewp\/termos-e-condicoes\/\",\"url\":\"https:\/\/gabarito.eu\/sitewp\/termos-e-condicoes\/\",\"name\":\"Termos e Condi\u00e7\u00f5es - Gabarito K\u00fcchen Design\",\"isPartOf\":{\"@id\":\"https:\/\/gabarito.eu\/sitewp\/#website\"},\"datePublished\":\"2023-02-24T21:27:43+00:00\",\"dateModified\":\"2023-02-24T21:31:57+00:00\",\"breadcrumb\":{\"@id\":\"https:\/\/gabarito.eu\/sitewp\/termos-e-condicoes\/#breadcrumb\"},\"inLanguage\":\"pt-PT\",\"potentialAction\":[{\"@type\":\"ReadAction\",\"target\":[\"https:\/\/gabarito.eu\/sitewp\/termos-e-condicoes\/\"]}]},{\"@type\":\"BreadcrumbList\",\"@id\":\"https:\/\/gabarito.eu\/sitewp\/termos-e-condicoes\/#breadcrumb\",\"itemListElement\":[{\"@type\":\"ListItem\",\"position\":1,\"name\":\"In\u00edcio\",\"item\":\"https:\/\/gabarito.eu\/sitewp\/\"},{\"@type\":\"ListItem\",\"position\":2,\"name\":\"Termos e Condi\u00e7\u00f5es\"}]},{\"@type\":\"WebSite\",\"@id\":\"https:\/\/gabarito.eu\/sitewp\/#website\",\"url\":\"https:\/\/gabarito.eu\/sitewp\/\",\"name\":\"Gabarito\",\"description\":\"Cozinhas Alem\u00e3s Premium\",\"publisher\":{\"@id\":\"https:\/\/gabarito.eu\/sitewp\/#organization\"},\"potentialAction\":[{\"@type\":\"SearchAction\",\"target\":{\"@type\":\"EntryPoint\",\"urlTemplate\":\"https:\/\/gabarito.eu\/sitewp\/?s={search_term_string}\"},\"query-input\":{\"@type\":\"PropertyValueSpecification\",\"valueRequired\":true,\"valueName\":\"search_term_string\"}}],\"inLanguage\":\"pt-PT\"},{\"@type\":\"Organization\",\"@id\":\"https:\/\/gabarito.eu\/sitewp\/#organization\",\"name\":\"Gabarito\",\"url\":\"https:\/\/gabarito.eu\/sitewp\/\",\"logo\":{\"@type\":\"ImageObject\",\"inLanguage\":\"pt-PT\",\"@id\":\"https:\/\/gabarito.eu\/sitewp\/#\/schema\/logo\/image\/\",\"url\":\"https:\/\/gabarito.eu\/sitewp\/wp-content\/uploads\/2023\/02\/logotipo_alinhado-esq_png.png\",\"contentUrl\":\"https:\/\/gabarito.eu\/sitewp\/wp-content\/uploads\/2023\/02\/logotipo_alinhado-esq_png.png\",\"width\":350,\"height\":100,\"caption\":\"Gabarito\"},\"image\":{\"@id\":\"https:\/\/gabarito.eu\/sitewp\/#\/schema\/logo\/image\/\"},\"sameAs\":[\"https:\/\/www.facebook.com\/gabarito.eu\",\"https:\/\/www.instagram.com\/gabarito.eu\/\"]}]}<\/script>\n<!-- \/ Yoast SEO plugin. -->","yoast_head_json":{"title":"Termos e Condi\u00e7\u00f5es - Gabarito K\u00fcchen Design","robots":{"index":"index","follow":"follow","max-snippet":"max-snippet:-1","max-image-preview":"max-image-preview:large","max-video-preview":"max-video-preview:-1"},"canonical":"https:\/\/gabarito.eu\/sitewp\/termos-e-condicoes\/","og_locale":"pt_PT","og_type":"article","og_title":"Termos e Condi\u00e7\u00f5es - Gabarito K\u00fcchen Design","og_description":"Termos e Condi\u00e7\u00f5es 1. Termos Ao acessar ao site Gabarito, concorda em cumprir estes termos de servi\u00e7o, todas as leis e regulamentos aplic\u00e1veis e concorda que \u00e9 respons\u00e1vel pelo cumprimento de todas as leis locais aplic\u00e1veis. Se n\u00e3o concordar com algum desses termos, est\u00e1 proibido de usar ou aceder a este site. Os materiais contidos [&hellip;]","og_url":"https:\/\/gabarito.eu\/sitewp\/termos-e-condicoes\/","og_site_name":"Gabarito K\u00fcchen Design","article_publisher":"https:\/\/www.facebook.com\/gabarito.eu","article_modified_time":"2023-02-24T21:31:57+00:00","twitter_card":"summary_large_image","twitter_misc":{"Tempo estimado de leitura":"4 minutos"},"schema":{"@context":"https:\/\/schema.org","@graph":[{"@type":"WebPage","@id":"https:\/\/gabarito.eu\/sitewp\/termos-e-condicoes\/","url":"https:\/\/gabarito.eu\/sitewp\/termos-e-condicoes\/","name":"Termos e Condi\u00e7\u00f5es - Gabarito K\u00fcchen Design","isPartOf":{"@id":"https:\/\/gabarito.eu\/sitewp\/#website"},"datePublished":"2023-02-24T21:27:43+00:00","dateModified":"2023-02-24T21:31:57+00:00","breadcrumb":{"@id":"https:\/\/gabarito.eu\/sitewp\/termos-e-condicoes\/#breadcrumb"},"inLanguage":"pt-PT","potentialAction":[{"@type":"ReadAction","target":["https:\/\/gabarito.eu\/sitewp\/termos-e-condicoes\/"]}]},{"@type":"BreadcrumbList","@id":"https:\/\/gabarito.eu\/sitewp\/termos-e-condicoes\/#breadcrumb","itemListElement":[{"@type":"ListItem","position":1,"name":"In\u00edcio","item":"https:\/\/gabarito.eu\/sitewp\/"},{"@type":"ListItem","position":2,"name":"Termos e Condi\u00e7\u00f5es"}]},{"@type":"WebSite","@id":"https:\/\/gabarito.eu\/sitewp\/#website","url":"https:\/\/gabarito.eu\/sitewp\/","name":"Gabarito","description":"Cozinhas Alem\u00e3s Premium","publisher":{"@id":"https:\/\/gabarito.eu\/sitewp\/#organization"},"potentialAction":[{"@type":"SearchAction","target":{"@type":"EntryPoint","urlTemplate":"https:\/\/gabarito.eu\/sitewp\/?s={search_term_string}"},"query-input":{"@type":"PropertyValueSpecification","valueRequired":true,"valueName":"search_term_string"}}],"inLanguage":"pt-PT"},{"@type":"Organization","@id":"https:\/\/gabarito.eu\/sitewp\/#organization","name":"Gabarito","url":"https:\/\/gabarito.eu\/sitewp\/","logo":{"@type":"ImageObject","inLanguage":"pt-PT","@id":"https:\/\/gabarito.eu\/sitewp\/#\/schema\/logo\/image\/","url":"https:\/\/gabarito.eu\/sitewp\/wp-content\/uploads\/2023\/02\/logotipo_alinhado-esq_png.png","contentUrl":"https:\/\/gabarito.eu\/sitewp\/wp-content\/uploads\/2023\/02\/logotipo_alinhado-esq_png.png","width":350,"height":100,"caption":"Gabarito"},"image":{"@id":"https:\/\/gabarito.eu\/sitewp\/#\/schema\/logo\/image\/"},"sameAs":["https:\/\/www.facebook.com\/gabarito.eu","https:\/\/www.instagram.com\/gabarito.eu\/"]}]}},"_links":{"self":[{"href":"https:\/\/gabarito.eu\/sitewp\/wp-json\/wp\/v2\/pages\/485","targetHints":{"allow":["GET"]}}],"collection":[{"href":"https:\/\/gabarito.eu\/sitewp\/wp-json\/wp\/v2\/pages"}],"about":[{"href":"https:\/\/gabarito.eu\/sitewp\/wp-json\/wp\/v2\/types\/page"}],"author":[{"embeddable":true,"href":"https:\/\/gabarito.eu\/sitewp\/wp-json\/wp\/v2\/users\/2"}],"replies":[{"embeddable":true,"href":"https:\/\/gabarito.eu\/sitewp\/wp-json\/wp\/v2\/comments?post=485"}],"version-history":[{"count":10,"href":"https:\/\/gabarito.eu\/sitewp\/wp-json\/wp\/v2\/pages\/485\/revisions"}],"predecessor-version":[{"id":500,"href":"https:\/\/gabarito.eu\/sitewp\/wp-json\/wp\/v2\/pages\/485\/revisions\/500"}],"wp:attachment":[{"href":"https:\/\/gabarito.eu\/sitewp\/wp-json\/wp\/v2\/media?parent=485"}],"curies":[{"name":"wp","href":"https:\/\/api.w.org\/{rel}","templated":true}]}}