{"id":275,"date":"2023-02-20T19:40:05","date_gmt":"2023-02-20T19:40:05","guid":{"rendered":"https:\/\/gabarito.eu\/sitewp\/?page_id=275"},"modified":"2025-10-10T11:03:14","modified_gmt":"2025-10-10T11:03:14","slug":"a-gabarito","status":"publish","type":"page","link":"https:\/\/gabarito.eu\/sitewp\/a-gabarito\/","title":{"rendered":"A Gabarito"},"content":{"rendered":"\t\t<div data-elementor-type=\"wp-page\" data-elementor-id=\"275\" class=\"elementor elementor-275\">\n\t\t\t\t\t\t<section class=\"elementor-section elementor-top-section elementor-element elementor-element-4df2e8f6 elementor-section-content-middle elementor-section-boxed elementor-section-height-default elementor-section-height-default\" data-id=\"4df2e8f6\" data-element_type=\"section\" data-e-type=\"section\">\n\t\t\t\t\t\t<div class=\"elementor-container elementor-column-gap-no\">\n\t\t\t\t\t<div class=\"elementor-column elementor-col-50 elementor-top-column elementor-element elementor-element-75262ba0\" data-id=\"75262ba0\" data-element_type=\"column\" data-e-type=\"column\">\n\t\t\t<div class=\"elementor-widget-wrap elementor-element-populated\">\n\t\t\t\t\t\t<div class=\"elementor-element elementor-element-6e998d99 elementor-widget elementor-widget-image\" data-id=\"6e998d99\" data-element_type=\"widget\" data-e-type=\"widget\" data-widget_type=\"image.default\">\n\t\t\t\t<div class=\"elementor-widget-container\">\n\t\t\t\t\t\t\t\t\t\t\t\t\t\t\t<img fetchpriority=\"high\" decoding=\"async\" width=\"901\" height=\"350\" src=\"https:\/\/gabarito.eu\/sitewp\/wp-content\/uploads\/2023\/01\/02_designkuechen.jpg\" class=\"attachment-full size-full wp-image-82\" alt=\"\" srcset=\"https:\/\/gabarito.eu\/sitewp\/wp-content\/uploads\/2023\/01\/02_designkuechen.jpg 901w, https:\/\/gabarito.eu\/sitewp\/wp-content\/uploads\/2023\/01\/02_designkuechen-300x117.jpg 300w, https:\/\/gabarito.eu\/sitewp\/wp-content\/uploads\/2023\/01\/02_designkuechen-768x298.jpg 768w, https:\/\/gabarito.eu\/sitewp\/wp-content\/uploads\/2023\/01\/02_designkuechen-575x223.jpg 575w, https:\/\/gabarito.eu\/sitewp\/wp-content\/uploads\/2023\/01\/02_designkuechen-380x148.jpg 380w\" sizes=\"(max-width: 901px) 100vw, 901px\" \/>\t\t\t\t\t\t\t\t\t\t\t\t\t\t\t<\/div>\n\t\t\t\t<\/div>\n\t\t\t\t\t<\/div>\n\t\t<\/div>\n\t\t\t\t<div class=\"elementor-column elementor-col-50 elementor-top-column elementor-element elementor-element-35d4c80e\" data-id=\"35d4c80e\" data-element_type=\"column\" data-e-type=\"column\">\n\t\t\t<div class=\"elementor-widget-wrap elementor-element-populated\">\n\t\t\t\t\t\t<div class=\"elementor-element elementor-element-d72dcd elementor-widget elementor-widget-heading\" data-id=\"d72dcd\" data-element_type=\"widget\" data-e-type=\"widget\" data-widget_type=\"heading.default\">\n\t\t\t\t<div class=\"elementor-widget-container\">\n\t\t\t\t\t<h4 class=\"elementor-heading-title elementor-size-default\">A Gabarito<\/h4>\t\t\t\t<\/div>\n\t\t\t\t<\/div>\n\t\t\t\t<div class=\"elementor-element elementor-element-47f39bf elementor-widget elementor-widget-text-editor\" data-id=\"47f39bf\" data-element_type=\"widget\" data-e-type=\"widget\" data-widget_type=\"text-editor.default\">\n\t\t\t\t<div class=\"elementor-widget-container\">\n\t\t\t\t\t\t\t\t\t<p>A Gabarito K\u00fcchen Design nasce da crescente procura por mobili\u00e1rio de cozinha com apelo est\u00e9tico, produzido de maneira sustent\u00e1vel e com padr\u00f5es de qualidade superiores. A nossa miss\u00e3o \u00e9 entregar n\u00e3o apenas produtos excecionais, mas tamb\u00e9m um servi\u00e7o impec\u00e1vel, cumprindo escrupulosamente os prazos definidos e promovendo a igualdade de oportunidades.<\/p><p>Somos impulsionados pela vis\u00e3o de sermos a refer\u00eancia futura no fornecimento de cozinhas em Portugal. As nossas cozinhas, banheiros e roupeiros &#8220;<em>made-in-german<\/em>y&#8221; real\u00e7am-se como nossos produtos de destaque.<br \/>Com entrega e montagem em Portugal e toda a Europa, estamos comprometidos em trazer beleza, funcionalidade e qualidade para os lares.<\/p><p>Como disse Aldo Gucci, &#8220;<em>a qualidade permanece na mem\u00f3ria muito tempo ap\u00f3s o pre\u00e7o ter sido esquecido<\/em>.&#8221; Esta filosofia orienta cada aspecto do nosso neg\u00f3cio.<\/p><p><br \/>Junte-se a n\u00f3s nesta jornada de excel\u00eancia e eleg\u00e2ncia, onde cada pe\u00e7a conta uma hist\u00f3ria duradoura de qualidade e estilo.<\/p>\t\t\t\t\t\t\t\t<\/div>\n\t\t\t\t<\/div>\n\t\t\t\t\t<\/div>\n\t\t<\/div>\n\t\t\t\t\t<\/div>\n\t\t<\/section>\n\t\t\t\t<section class=\"elementor-section elementor-top-section elementor-element elementor-element-7be4a72 elementor-section-boxed elementor-section-height-default elementor-section-height-default\" data-id=\"7be4a72\" data-element_type=\"section\" data-e-type=\"section\">\n\t\t\t\t\t\t<div class=\"elementor-container elementor-column-gap-default\">\n\t\t\t\t\t<div class=\"elementor-column elementor-col-100 elementor-top-column elementor-element elementor-element-04cafd9\" data-id=\"04cafd9\" data-element_type=\"column\" data-e-type=\"column\">\n\t\t\t<div class=\"elementor-widget-wrap elementor-element-populated\">\n\t\t\t\t\t\t<div class=\"elementor-element elementor-element-089a30d elementor-widget elementor-widget-heading\" data-id=\"089a30d\" data-element_type=\"widget\" data-e-type=\"widget\" data-widget_type=\"heading.default\">\n\t\t\t\t<div class=\"elementor-widget-container\">\n\t\t\t\t\t<h2 class=\"elementor-heading-title elementor-size-default\">A equipa<\/h2>\t\t\t\t<\/div>\n\t\t\t\t<\/div>\n\t\t\t\t\t<\/div>\n\t\t<\/div>\n\t\t\t\t\t<\/div>\n\t\t<\/section>\n\t\t\t\t<section class=\"elementor-section elementor-top-section elementor-element elementor-element-840a4c8 elementor-section-content-middle elementor-section-boxed elementor-section-height-default elementor-section-height-default\" data-id=\"840a4c8\" data-element_type=\"section\" data-e-type=\"section\">\n\t\t\t\t\t\t<div class=\"elementor-container elementor-column-gap-default\">\n\t\t\t\t\t<div class=\"elementor-column elementor-col-66 elementor-top-column elementor-element elementor-element-3a51212\" data-id=\"3a51212\" data-element_type=\"column\" data-e-type=\"column\">\n\t\t\t<div class=\"elementor-widget-wrap elementor-element-populated\">\n\t\t\t\t\t\t<section class=\"elementor-section elementor-inner-section elementor-element elementor-element-8186074 elementor-section-boxed elementor-section-height-default elementor-section-height-default\" data-id=\"8186074\" data-element_type=\"section\" data-e-type=\"section\">\n\t\t\t\t\t\t<div class=\"elementor-container elementor-column-gap-narrow\">\n\t\t\t\t\t<div class=\"elementor-column elementor-col-100 elementor-inner-column elementor-element elementor-element-ac2d072\" data-id=\"ac2d072\" data-element_type=\"column\" data-e-type=\"column\">\n\t\t\t<div class=\"elementor-widget-wrap elementor-element-populated\">\n\t\t\t\t\t\t<div class=\"elementor-element elementor-element-c16913d elementor-widget elementor-widget-heading\" data-id=\"c16913d\" data-element_type=\"widget\" data-e-type=\"widget\" data-widget_type=\"heading.default\">\n\t\t\t\t<div class=\"elementor-widget-container\">\n\t\t\t\t\t<h2 class=\"elementor-heading-title elementor-size-default\">CEO<\/h2>\t\t\t\t<\/div>\n\t\t\t\t<\/div>\n\t\t\t\t\t<\/div>\n\t\t<\/div>\n\t\t\t\t\t<\/div>\n\t\t<\/section>\n\t\t\t\t<div class=\"elementor-element elementor-element-1441358 elementor-widget elementor-widget-text-editor\" data-id=\"1441358\" data-element_type=\"widget\" data-e-type=\"widget\" data-widget_type=\"text-editor.default\">\n\t\t\t\t<div class=\"elementor-widget-container\">\n\t\t\t\t\t\t\t\t\t<p>O Jorge \u00e9 um profissional da \u00e1rea do mobili\u00e1rio com mais de 20 anos de contacto com o meio. Come\u00e7ou a trabalhar com 16 anos como marceneiro e instalador de cozinhas.<\/p>\n<p>Tem forma\u00e7\u00e3o acad\u00e9mica na \u00e1rea da contabilidade e administra\u00e7\u00e3o e conta com v\u00e1rias forma\u00e7\u00f5es profissionais ao n\u00edvel de ferramentas de desenho como AutoCad e SolidWorks, CAD\/CAM, de design e gest\u00e3o. Tem tamb\u00e9m forma\u00e7\u00f5es do \u00e2mbito comercial.<\/p>\n<p>Recentemente obteve a certifica\u00e7\u00e3o PMI em Gest\u00e3o de Projectos CAPM e \u00e9 P\u00f3s-Graduado em Design de Mobili\u00e1rio.<\/p>\n<p>Tem no seu curr\u00edculo a participa\u00e7\u00e3o em v\u00e1rios projectos nacionais e internacionais em que se destaca marcas como Thalass\u00f3, Hilton, Marriott e Kempinski. Tamb\u00e9m tem v\u00e1rias colabora\u00e7\u00f5es de desenvolvimento de produto com designers internacionais.<\/p>\n<p>Possui vasta experi\u00eancia no design e fabrico de mobili\u00e1rio de cozinha, ao longo da sua carreira j\u00e1 acompanhou mais de 500 projectos.<\/p>\n<p>Tem uma especial paix\u00e3o por rob\u00f3tica e automa\u00e7\u00e3o.<\/p>\n<p>Gosta de desafios, \u00e9 comprometido e empenhado.<\/p>\t\t\t\t\t\t\t\t<\/div>\n\t\t\t\t<\/div>\n\t\t\t\t\t<\/div>\n\t\t<\/div>\n\t\t\t\t<div class=\"elementor-column elementor-col-33 elementor-top-column elementor-element elementor-element-a8a84d3\" data-id=\"a8a84d3\" data-element_type=\"column\" data-e-type=\"column\">\n\t\t\t<div class=\"elementor-widget-wrap elementor-element-populated\">\n\t\t\t\t\t\t<div class=\"elementor-element elementor-element-ae08ae0 elementor-widget elementor-widget-image\" data-id=\"ae08ae0\" data-element_type=\"widget\" data-e-type=\"widget\" data-widget_type=\"image.default\">\n\t\t\t\t<div class=\"elementor-widget-container\">\n\t\t\t\t\t\t\t\t\t\t\t\t\t\t\t<img decoding=\"async\" width=\"800\" height=\"534\" src=\"https:\/\/gabarito.eu\/sitewp\/wp-content\/uploads\/2023\/08\/CEO-Gabarito_Jorge-Seabra-1024x683.jpg\" class=\"attachment-large size-large wp-image-739\" alt=\"\" srcset=\"https:\/\/gabarito.eu\/sitewp\/wp-content\/uploads\/2023\/08\/CEO-Gabarito_Jorge-Seabra-1024x683.jpg 1024w, https:\/\/gabarito.eu\/sitewp\/wp-content\/uploads\/2023\/08\/CEO-Gabarito_Jorge-Seabra-300x200.jpg 300w, https:\/\/gabarito.eu\/sitewp\/wp-content\/uploads\/2023\/08\/CEO-Gabarito_Jorge-Seabra-768x512.jpg 768w, https:\/\/gabarito.eu\/sitewp\/wp-content\/uploads\/2023\/08\/CEO-Gabarito_Jorge-Seabra-1536x1024.jpg 1536w, https:\/\/gabarito.eu\/sitewp\/wp-content\/uploads\/2023\/08\/CEO-Gabarito_Jorge-Seabra-2048x1365.jpg 2048w\" sizes=\"(max-width: 800px) 100vw, 800px\" \/>\t\t\t\t\t\t\t\t\t\t\t\t\t\t\t<\/div>\n\t\t\t\t<\/div>\n\t\t\t\t\t<\/div>\n\t\t<\/div>\n\t\t\t\t\t<\/div>\n\t\t<\/section>\n\t\t\t\t<section class=\"elementor-section elementor-top-section elementor-element elementor-element-0420f58 elementor-section-boxed elementor-section-height-default elementor-section-height-default\" data-id=\"0420f58\" data-element_type=\"section\" data-e-type=\"section\">\n\t\t\t\t\t\t<div class=\"elementor-container elementor-column-gap-default\">\n\t\t\t\t\t<div class=\"elementor-column elementor-col-50 elementor-top-column elementor-element elementor-element-012aa0e\" data-id=\"012aa0e\" data-element_type=\"column\" data-e-type=\"column\">\n\t\t\t<div class=\"elementor-widget-wrap\">\n\t\t\t\t\t\t\t<\/div>\n\t\t<\/div>\n\t\t\t\t<div class=\"elementor-column elementor-col-50 elementor-top-column elementor-element elementor-element-7186ff7\" data-id=\"7186ff7\" data-element_type=\"column\" data-e-type=\"column\">\n\t\t\t<div class=\"elementor-widget-wrap\">\n\t\t\t\t\t\t\t<\/div>\n\t\t<\/div>\n\t\t\t\t\t<\/div>\n\t\t<\/section>\n\t\t\t\t<\/div>\n\t\t","protected":false},"excerpt":{"rendered":"<p>A Gabarito A Gabarito K\u00fcchen Design nasce da crescente procura por mobili\u00e1rio de cozinha com apelo est\u00e9tico, produzido de maneira sustent\u00e1vel e com padr\u00f5es de qualidade superiores. A nossa miss\u00e3o \u00e9 entregar n\u00e3o apenas produtos excecionais, mas tamb\u00e9m um servi\u00e7o impec\u00e1vel, cumprindo escrupulosamente os prazos definidos e promovendo a igualdade de oportunidades. Somos impulsionados pela [&hellip;]<\/p>\n","protected":false},"author":2,"featured_media":0,"parent":0,"menu_order":0,"comment_status":"closed","ping_status":"closed","template":"","meta":{"footnotes":""},"class_list":["post-275","page","type-page","status-publish","hentry"],"yoast_head":"<!-- This site is optimized with the Yoast SEO plugin v26.2 - https:\/\/yoast.com\/wordpress\/plugins\/seo\/ -->\n<title>A Gabarito - Gabarito K\u00fcchen Design<\/title>\n<meta name=\"robots\" content=\"index, follow, max-snippet:-1, max-image-preview:large, max-video-preview:-1\" \/>\n<link rel=\"canonical\" href=\"https:\/\/gabarito.eu\/sitewp\/a-gabarito\/\" \/>\n<meta property=\"og:locale\" content=\"pt_PT\" \/>\n<meta property=\"og:type\" content=\"article\" \/>\n<meta property=\"og:title\" content=\"A Gabarito - Gabarito K\u00fcchen Design\" \/>\n<meta property=\"og:description\" content=\"A Gabarito A Gabarito K\u00fcchen Design nasce da crescente procura por mobili\u00e1rio de cozinha com apelo est\u00e9tico, produzido de maneira sustent\u00e1vel e com padr\u00f5es de qualidade superiores. A nossa miss\u00e3o \u00e9 entregar n\u00e3o apenas produtos excecionais, mas tamb\u00e9m um servi\u00e7o impec\u00e1vel, cumprindo escrupulosamente os prazos definidos e promovendo a igualdade de oportunidades. Somos impulsionados pela [&hellip;]\" \/>\n<meta property=\"og:url\" content=\"https:\/\/gabarito.eu\/sitewp\/a-gabarito\/\" \/>\n<meta property=\"og:site_name\" content=\"Gabarito K\u00fcchen Design\" \/>\n<meta property=\"article:publisher\" content=\"https:\/\/www.facebook.com\/gabarito.eu\" \/>\n<meta property=\"article:modified_time\" content=\"2025-10-10T11:03:14+00:00\" \/>\n<meta property=\"og:image\" content=\"https:\/\/gabarito.eu\/sitewp\/wp-content\/uploads\/2023\/01\/02_designkuechen.jpg\" \/>\n<meta name=\"twitter:card\" content=\"summary_large_image\" \/>\n<meta name=\"twitter:label1\" content=\"Tempo estimado de leitura\" \/>\n\t<meta name=\"twitter:data1\" content=\"3 minutos\" \/>\n<script type=\"application\/ld+json\" class=\"yoast-schema-graph\">{\"@context\":\"https:\/\/schema.org\",\"@graph\":[{\"@type\":\"WebPage\",\"@id\":\"https:\/\/gabarito.eu\/sitewp\/a-gabarito\/\",\"url\":\"https:\/\/gabarito.eu\/sitewp\/a-gabarito\/\",\"name\":\"A Gabarito - Gabarito K\u00fcchen Design\",\"isPartOf\":{\"@id\":\"https:\/\/gabarito.eu\/sitewp\/#website\"},\"primaryImageOfPage\":{\"@id\":\"https:\/\/gabarito.eu\/sitewp\/a-gabarito\/#primaryimage\"},\"image\":{\"@id\":\"https:\/\/gabarito.eu\/sitewp\/a-gabarito\/#primaryimage\"},\"thumbnailUrl\":\"https:\/\/gabarito.eu\/sitewp\/wp-content\/uploads\/2023\/01\/02_designkuechen.jpg\",\"datePublished\":\"2023-02-20T19:40:05+00:00\",\"dateModified\":\"2025-10-10T11:03:14+00:00\",\"breadcrumb\":{\"@id\":\"https:\/\/gabarito.eu\/sitewp\/a-gabarito\/#breadcrumb\"},\"inLanguage\":\"pt-PT\",\"potentialAction\":[{\"@type\":\"ReadAction\",\"target\":[\"https:\/\/gabarito.eu\/sitewp\/a-gabarito\/\"]}]},{\"@type\":\"ImageObject\",\"inLanguage\":\"pt-PT\",\"@id\":\"https:\/\/gabarito.eu\/sitewp\/a-gabarito\/#primaryimage\",\"url\":\"https:\/\/gabarito.eu\/sitewp\/wp-content\/uploads\/2023\/01\/02_designkuechen.jpg\",\"contentUrl\":\"https:\/\/gabarito.eu\/sitewp\/wp-content\/uploads\/2023\/01\/02_designkuechen.jpg\",\"width\":901,\"height\":350},{\"@type\":\"BreadcrumbList\",\"@id\":\"https:\/\/gabarito.eu\/sitewp\/a-gabarito\/#breadcrumb\",\"itemListElement\":[{\"@type\":\"ListItem\",\"position\":1,\"name\":\"In\u00edcio\",\"item\":\"https:\/\/gabarito.eu\/sitewp\/\"},{\"@type\":\"ListItem\",\"position\":2,\"name\":\"A Gabarito\"}]},{\"@type\":\"WebSite\",\"@id\":\"https:\/\/gabarito.eu\/sitewp\/#website\",\"url\":\"https:\/\/gabarito.eu\/sitewp\/\",\"name\":\"Gabarito\",\"description\":\"Cozinhas Alem\u00e3s Premium\",\"publisher\":{\"@id\":\"https:\/\/gabarito.eu\/sitewp\/#organization\"},\"potentialAction\":[{\"@type\":\"SearchAction\",\"target\":{\"@type\":\"EntryPoint\",\"urlTemplate\":\"https:\/\/gabarito.eu\/sitewp\/?s={search_term_string}\"},\"query-input\":{\"@type\":\"PropertyValueSpecification\",\"valueRequired\":true,\"valueName\":\"search_term_string\"}}],\"inLanguage\":\"pt-PT\"},{\"@type\":\"Organization\",\"@id\":\"https:\/\/gabarito.eu\/sitewp\/#organization\",\"name\":\"Gabarito\",\"url\":\"https:\/\/gabarito.eu\/sitewp\/\",\"logo\":{\"@type\":\"ImageObject\",\"inLanguage\":\"pt-PT\",\"@id\":\"https:\/\/gabarito.eu\/sitewp\/#\/schema\/logo\/image\/\",\"url\":\"https:\/\/gabarito.eu\/sitewp\/wp-content\/uploads\/2023\/02\/logotipo_alinhado-esq_png.png\",\"contentUrl\":\"https:\/\/gabarito.eu\/sitewp\/wp-content\/uploads\/2023\/02\/logotipo_alinhado-esq_png.png\",\"width\":350,\"height\":100,\"caption\":\"Gabarito\"},\"image\":{\"@id\":\"https:\/\/gabarito.eu\/sitewp\/#\/schema\/logo\/image\/\"},\"sameAs\":[\"https:\/\/www.facebook.com\/gabarito.eu\",\"https:\/\/www.instagram.com\/gabarito.eu\/\"]}]}<\/script>\n<!-- \/ Yoast SEO plugin. -->","yoast_head_json":{"title":"A Gabarito - Gabarito K\u00fcchen Design","robots":{"index":"index","follow":"follow","max-snippet":"max-snippet:-1","max-image-preview":"max-image-preview:large","max-video-preview":"max-video-preview:-1"},"canonical":"https:\/\/gabarito.eu\/sitewp\/a-gabarito\/","og_locale":"pt_PT","og_type":"article","og_title":"A Gabarito - Gabarito K\u00fcchen Design","og_description":"A Gabarito A Gabarito K\u00fcchen Design nasce da crescente procura por mobili\u00e1rio de cozinha com apelo est\u00e9tico, produzido de maneira sustent\u00e1vel e com padr\u00f5es de qualidade superiores. A nossa miss\u00e3o \u00e9 entregar n\u00e3o apenas produtos excecionais, mas tamb\u00e9m um servi\u00e7o impec\u00e1vel, cumprindo escrupulosamente os prazos definidos e promovendo a igualdade de oportunidades. Somos impulsionados pela [&hellip;]","og_url":"https:\/\/gabarito.eu\/sitewp\/a-gabarito\/","og_site_name":"Gabarito K\u00fcchen Design","article_publisher":"https:\/\/www.facebook.com\/gabarito.eu","article_modified_time":"2025-10-10T11:03:14+00:00","og_image":[{"url":"https:\/\/gabarito.eu\/sitewp\/wp-content\/uploads\/2023\/01\/02_designkuechen.jpg","type":"","width":"","height":""}],"twitter_card":"summary_large_image","twitter_misc":{"Tempo estimado de leitura":"3 minutos"},"schema":{"@context":"https:\/\/schema.org","@graph":[{"@type":"WebPage","@id":"https:\/\/gabarito.eu\/sitewp\/a-gabarito\/","url":"https:\/\/gabarito.eu\/sitewp\/a-gabarito\/","name":"A Gabarito - Gabarito K\u00fcchen Design","isPartOf":{"@id":"https:\/\/gabarito.eu\/sitewp\/#website"},"primaryImageOfPage":{"@id":"https:\/\/gabarito.eu\/sitewp\/a-gabarito\/#primaryimage"},"image":{"@id":"https:\/\/gabarito.eu\/sitewp\/a-gabarito\/#primaryimage"},"thumbnailUrl":"https:\/\/gabarito.eu\/sitewp\/wp-content\/uploads\/2023\/01\/02_designkuechen.jpg","datePublished":"2023-02-20T19:40:05+00:00","dateModified":"2025-10-10T11:03:14+00:00","breadcrumb":{"@id":"https:\/\/gabarito.eu\/sitewp\/a-gabarito\/#breadcrumb"},"inLanguage":"pt-PT","potentialAction":[{"@type":"ReadAction","target":["https:\/\/gabarito.eu\/sitewp\/a-gabarito\/"]}]},{"@type":"ImageObject","inLanguage":"pt-PT","@id":"https:\/\/gabarito.eu\/sitewp\/a-gabarito\/#primaryimage","url":"https:\/\/gabarito.eu\/sitewp\/wp-content\/uploads\/2023\/01\/02_designkuechen.jpg","contentUrl":"https:\/\/gabarito.eu\/sitewp\/wp-content\/uploads\/2023\/01\/02_designkuechen.jpg","width":901,"height":350},{"@type":"BreadcrumbList","@id":"https:\/\/gabarito.eu\/sitewp\/a-gabarito\/#breadcrumb","itemListElement":[{"@type":"ListItem","position":1,"name":"In\u00edcio","item":"https:\/\/gabarito.eu\/sitewp\/"},{"@type":"ListItem","position":2,"name":"A Gabarito"}]},{"@type":"WebSite","@id":"https:\/\/gabarito.eu\/sitewp\/#website","url":"https:\/\/gabarito.eu\/sitewp\/","name":"Gabarito","description":"Cozinhas Alem\u00e3s Premium","publisher":{"@id":"https:\/\/gabarito.eu\/sitewp\/#organization"},"potentialAction":[{"@type":"SearchAction","target":{"@type":"EntryPoint","urlTemplate":"https:\/\/gabarito.eu\/sitewp\/?s={search_term_string}"},"query-input":{"@type":"PropertyValueSpecification","valueRequired":true,"valueName":"search_term_string"}}],"inLanguage":"pt-PT"},{"@type":"Organization","@id":"https:\/\/gabarito.eu\/sitewp\/#organization","name":"Gabarito","url":"https:\/\/gabarito.eu\/sitewp\/","logo":{"@type":"ImageObject","inLanguage":"pt-PT","@id":"https:\/\/gabarito.eu\/sitewp\/#\/schema\/logo\/image\/","url":"https:\/\/gabarito.eu\/sitewp\/wp-content\/uploads\/2023\/02\/logotipo_alinhado-esq_png.png","contentUrl":"https:\/\/gabarito.eu\/sitewp\/wp-content\/uploads\/2023\/02\/logotipo_alinhado-esq_png.png","width":350,"height":100,"caption":"Gabarito"},"image":{"@id":"https:\/\/gabarito.eu\/sitewp\/#\/schema\/logo\/image\/"},"sameAs":["https:\/\/www.facebook.com\/gabarito.eu","https:\/\/www.instagram.com\/gabarito.eu\/"]}]}},"_links":{"self":[{"href":"https:\/\/gabarito.eu\/sitewp\/wp-json\/wp\/v2\/pages\/275","targetHints":{"allow":["GET"]}}],"collection":[{"href":"https:\/\/gabarito.eu\/sitewp\/wp-json\/wp\/v2\/pages"}],"about":[{"href":"https:\/\/gabarito.eu\/sitewp\/wp-json\/wp\/v2\/types\/page"}],"author":[{"embeddable":true,"href":"https:\/\/gabarito.eu\/sitewp\/wp-json\/wp\/v2\/users\/2"}],"replies":[{"embeddable":true,"href":"https:\/\/gabarito.eu\/sitewp\/wp-json\/wp\/v2\/comments?post=275"}],"version-history":[{"count":41,"href":"https:\/\/gabarito.eu\/sitewp\/wp-json\/wp\/v2\/pages\/275\/revisions"}],"predecessor-version":[{"id":894,"href":"https:\/\/gabarito.eu\/sitewp\/wp-json\/wp\/v2\/pages\/275\/revisions\/894"}],"wp:attachment":[{"href":"https:\/\/gabarito.eu\/sitewp\/wp-json\/wp\/v2\/media?parent=275"}],"curies":[{"name":"wp","href":"https:\/\/api.w.org\/{rel}","templated":true}]}}