{"id":175,"date":"2023-02-20T15:33:05","date_gmt":"2023-02-20T15:33:05","guid":{"rendered":"https:\/\/gabarito.eu\/sitewp\/?page_id=175"},"modified":"2025-10-10T11:07:49","modified_gmt":"2025-10-10T11:07:49","slug":"contactos-2","status":"publish","type":"page","link":"https:\/\/gabarito.eu\/sitewp\/contactos-2\/","title":{"rendered":"Contactos"},"content":{"rendered":"\t\t<div data-elementor-type=\"wp-page\" data-elementor-id=\"175\" class=\"elementor elementor-175\">\n\t\t\t\t\t\t<section class=\"elementor-section elementor-top-section elementor-element elementor-element-6ade07a elementor-section-boxed elementor-section-height-default elementor-section-height-default\" data-id=\"6ade07a\" data-element_type=\"section\" data-e-type=\"section\">\n\t\t\t\t\t\t<div class=\"elementor-container elementor-column-gap-default\">\n\t\t\t\t\t<div class=\"elementor-column elementor-col-100 elementor-top-column elementor-element elementor-element-cd69e01\" data-id=\"cd69e01\" data-element_type=\"column\" data-e-type=\"column\">\n\t\t\t<div class=\"elementor-widget-wrap elementor-element-populated\">\n\t\t\t\t\t\t<div class=\"elementor-element elementor-element-10cebd7 elementor-widget elementor-widget-heading\" data-id=\"10cebd7\" data-element_type=\"widget\" data-e-type=\"widget\" data-widget_type=\"heading.default\">\n\t\t\t\t<div class=\"elementor-widget-container\">\n\t\t\t\t\t<h2 class=\"elementor-heading-title elementor-size-default\">Fale connosco<\/h2>\t\t\t\t<\/div>\n\t\t\t\t<\/div>\n\t\t\t\t<div class=\"elementor-element elementor-element-f788128 elementor-widget-divider--view-line elementor-widget elementor-widget-divider\" data-id=\"f788128\" data-element_type=\"widget\" data-e-type=\"widget\" data-widget_type=\"divider.default\">\n\t\t\t\t<div class=\"elementor-widget-container\">\n\t\t\t\t\t\t\t<div class=\"elementor-divider\">\n\t\t\t<span class=\"elementor-divider-separator\">\n\t\t\t\t\t\t<\/span>\n\t\t<\/div>\n\t\t\t\t\t\t<\/div>\n\t\t\t\t<\/div>\n\t\t\t\t\t<\/div>\n\t\t<\/div>\n\t\t\t\t\t<\/div>\n\t\t<\/section>\n\t\t\t\t<section class=\"elementor-section elementor-top-section elementor-element elementor-element-f717449 elementor-section-height-min-height elementor-section-boxed elementor-section-height-default elementor-section-items-middle\" data-id=\"f717449\" data-element_type=\"section\" data-e-type=\"section\">\n\t\t\t\t\t\t<div class=\"elementor-container elementor-column-gap-default\">\n\t\t\t\t\t<div class=\"elementor-column elementor-col-33 elementor-top-column elementor-element elementor-element-5be201b\" data-id=\"5be201b\" data-element_type=\"column\" data-e-type=\"column\">\n\t\t\t<div class=\"elementor-widget-wrap elementor-element-populated\">\n\t\t\t\t\t\t<div class=\"elementor-element elementor-element-b4ab8f7 elementor-view-stacked elementor-shape-circle elementor-widget elementor-widget-icon\" data-id=\"b4ab8f7\" data-element_type=\"widget\" data-e-type=\"widget\" data-widget_type=\"icon.default\">\n\t\t\t\t<div class=\"elementor-widget-container\">\n\t\t\t\t\t\t\t<div class=\"elementor-icon-wrapper\">\n\t\t\t<div class=\"elementor-icon elementor-animation-shrink\">\n\t\t\t<i aria-hidden=\"true\" class=\"fas fa-phone-alt\"><\/i>\t\t\t<\/div>\n\t\t<\/div>\n\t\t\t\t\t\t<\/div>\n\t\t\t\t<\/div>\n\t\t\t\t<div class=\"elementor-element elementor-element-660d2d7 elementor-widget elementor-widget-text-editor\" data-id=\"660d2d7\" data-element_type=\"widget\" data-e-type=\"widget\" data-widget_type=\"text-editor.default\">\n\t\t\t\t<div class=\"elementor-widget-container\">\n\t\t\t\t\t\t\t\t\t<p>+351 969 503 814<\/p>\n<p>Chamada para n\u00famero m\u00f3vel nacional<\/p>\t\t\t\t\t\t\t\t<\/div>\n\t\t\t\t<\/div>\n\t\t\t\t\t<\/div>\n\t\t<\/div>\n\t\t\t\t<div class=\"elementor-column elementor-col-33 elementor-top-column elementor-element elementor-element-ae940dd\" data-id=\"ae940dd\" data-element_type=\"column\" data-e-type=\"column\">\n\t\t\t<div class=\"elementor-widget-wrap elementor-element-populated\">\n\t\t\t\t\t\t<div class=\"elementor-element elementor-element-5776d6f elementor-view-stacked elementor-shape-circle elementor-widget elementor-widget-icon\" data-id=\"5776d6f\" data-element_type=\"widget\" data-e-type=\"widget\" data-widget_type=\"icon.default\">\n\t\t\t\t<div class=\"elementor-widget-container\">\n\t\t\t\t\t\t\t<div class=\"elementor-icon-wrapper\">\n\t\t\t<div class=\"elementor-icon elementor-animation-shrink\">\n\t\t\t<i aria-hidden=\"true\" class=\"far fa-envelope\"><\/i>\t\t\t<\/div>\n\t\t<\/div>\n\t\t\t\t\t\t<\/div>\n\t\t\t\t<\/div>\n\t\t\t\t<div class=\"elementor-element elementor-element-06d4ceb elementor-widget elementor-widget-text-editor\" data-id=\"06d4ceb\" data-element_type=\"widget\" data-e-type=\"widget\" data-widget_type=\"text-editor.default\">\n\t\t\t\t<div class=\"elementor-widget-container\">\n\t\t\t\t\t\t\t\t\t<p><span style=\"font-size: 20px; text-align: center;\">sales@gabarito.eu<\/span><\/p><p><span style=\"font-size: 20px; text-align: center;\">\u00a0<\/span><\/p>\t\t\t\t\t\t\t\t<\/div>\n\t\t\t\t<\/div>\n\t\t\t\t\t<\/div>\n\t\t<\/div>\n\t\t\t\t<div class=\"elementor-column elementor-col-33 elementor-top-column elementor-element elementor-element-ebf3057\" data-id=\"ebf3057\" data-element_type=\"column\" data-e-type=\"column\">\n\t\t\t<div class=\"elementor-widget-wrap elementor-element-populated\">\n\t\t\t\t\t\t<div class=\"elementor-element elementor-element-a8fcda9 elementor-view-stacked elementor-shape-circle elementor-widget elementor-widget-icon\" data-id=\"a8fcda9\" data-element_type=\"widget\" data-e-type=\"widget\" data-widget_type=\"icon.default\">\n\t\t\t\t<div class=\"elementor-widget-container\">\n\t\t\t\t\t\t\t<div class=\"elementor-icon-wrapper\">\n\t\t\t<div class=\"elementor-icon\">\n\t\t\t<i aria-hidden=\"true\" class=\"fas fa-location-arrow\"><\/i>\t\t\t<\/div>\n\t\t<\/div>\n\t\t\t\t\t\t<\/div>\n\t\t\t\t<\/div>\n\t\t\t\t<div class=\"elementor-element elementor-element-e3e8c52 elementor-widget elementor-widget-text-editor\" data-id=\"e3e8c52\" data-element_type=\"widget\" data-e-type=\"widget\" data-widget_type=\"text-editor.default\">\n\t\t\t\t<div class=\"elementor-widget-container\">\n\t\t\t\t\t\t\t\t\t<p>Rua Dr. Jer\u00f3nimo Pereira Leite N.\u00ba 309<\/p>\n<p><span style=\"color: var( --e-global-color-text ); font-family: var( --e-global-typography-text-font-family ), Sans-serif; font-size: var( --e-global-typography-text-font-size ); font-weight: var( --e-global-typography-text-font-weight );\">4580-352 Paredes<\/span><\/p>\t\t\t\t\t\t\t\t<\/div>\n\t\t\t\t<\/div>\n\t\t\t\t\t<\/div>\n\t\t<\/div>\n\t\t\t\t\t<\/div>\n\t\t<\/section>\n\t\t\t\t<section class=\"elementor-section elementor-top-section elementor-element elementor-element-52359b8 elementor-section-boxed elementor-section-height-default elementor-section-height-default\" data-id=\"52359b8\" data-element_type=\"section\" data-e-type=\"section\">\n\t\t\t\t\t\t<div class=\"elementor-container elementor-column-gap-default\">\n\t\t\t\t\t<div class=\"elementor-column elementor-col-100 elementor-top-column elementor-element elementor-element-5ed4c6f\" data-id=\"5ed4c6f\" data-element_type=\"column\" data-e-type=\"column\">\n\t\t\t<div class=\"elementor-widget-wrap elementor-element-populated\">\n\t\t\t\t\t\t<div class=\"elementor-element elementor-element-8e6ce63 elementor-widget-divider--view-line elementor-widget elementor-widget-divider\" data-id=\"8e6ce63\" data-element_type=\"widget\" data-e-type=\"widget\" data-widget_type=\"divider.default\">\n\t\t\t\t<div class=\"elementor-widget-container\">\n\t\t\t\t\t\t\t<div class=\"elementor-divider\">\n\t\t\t<span class=\"elementor-divider-separator\">\n\t\t\t\t\t\t<\/span>\n\t\t<\/div>\n\t\t\t\t\t\t<\/div>\n\t\t\t\t<\/div>\n\t\t\t\t<div class=\"elementor-element elementor-element-ddba078 elementor-widget elementor-widget-google_maps\" data-id=\"ddba078\" data-element_type=\"widget\" data-e-type=\"widget\" data-widget_type=\"google_maps.default\">\n\t\t\t\t<div class=\"elementor-widget-container\">\n\t\t\t\t\t\t\t<div class=\"elementor-custom-embed\">\n\t\t\t<iframe loading=\"lazy\"\n\t\t\t\t\tsrc=\"https:\/\/maps.google.com\/maps?q=Rua%20Dr%20Jeronimo%20Pereira%20Leite%20309&#038;t=m&#038;z=10&#038;output=embed&#038;iwloc=near\"\n\t\t\t\t\ttitle=\"Rua Dr Jeronimo Pereira Leite 309\"\n\t\t\t\t\taria-label=\"Rua Dr Jeronimo Pereira Leite 309\"\n\t\t\t><\/iframe>\n\t\t<\/div>\n\t\t\t\t\t\t<\/div>\n\t\t\t\t<\/div>\n\t\t\t\t\t<\/div>\n\t\t<\/div>\n\t\t\t\t\t<\/div>\n\t\t<\/section>\n\t\t\t\t<section class=\"elementor-section elementor-top-section elementor-element elementor-element-f81c453 elementor-section-boxed elementor-section-height-default elementor-section-height-default\" data-id=\"f81c453\" data-element_type=\"section\" data-e-type=\"section\">\n\t\t\t\t\t\t<div class=\"elementor-container elementor-column-gap-default\">\n\t\t\t\t\t<div class=\"elementor-column elementor-col-100 elementor-top-column elementor-element elementor-element-c028f41\" data-id=\"c028f41\" data-element_type=\"column\" data-e-type=\"column\">\n\t\t\t<div class=\"elementor-widget-wrap elementor-element-populated\">\n\t\t\t\t\t\t<div class=\"elementor-element elementor-element-cb9a1ed elementor-widget elementor-widget-htmega-contactform-addons\" data-id=\"cb9a1ed\" data-element_type=\"widget\" data-e-type=\"widget\" data-widget_type=\"htmega-contactform-addons.default\">\n\t\t\t\t<div class=\"elementor-widget-container\">\n\t\t\t\t\t            <div class=\"htmega-form-wrapper sidcb9a1ed htmega-form-style-1\" >\n                \n<div class=\"wpcf7 no-js\" id=\"wpcf7-f344-o1\" lang=\"pt-PT\" dir=\"ltr\" data-wpcf7-id=\"344\">\n<div class=\"screen-reader-response\"><p role=\"status\" aria-live=\"polite\" aria-atomic=\"true\"><\/p> <ul><\/ul><\/div>\n<form action=\"\/sitewp\/wp-json\/wp\/v2\/pages\/175#wpcf7-f344-o1\" method=\"post\" class=\"wpcf7-form init\" aria-label=\"Formul\u00e1rio de contacto\" novalidate=\"novalidate\" data-status=\"init\">\n<fieldset class=\"hidden-fields-container\"><input type=\"hidden\" name=\"_wpcf7\" value=\"344\" \/><input type=\"hidden\" name=\"_wpcf7_version\" value=\"6.1.5\" \/><input type=\"hidden\" name=\"_wpcf7_locale\" value=\"pt_PT\" \/><input type=\"hidden\" name=\"_wpcf7_unit_tag\" value=\"wpcf7-f344-o1\" \/><input type=\"hidden\" name=\"_wpcf7_container_post\" value=\"0\" \/><input type=\"hidden\" name=\"_wpcf7_posted_data_hash\" value=\"\" \/>\n<\/fieldset>\n<p><label> O seu nome<br \/>\n<span class=\"wpcf7-form-control-wrap\" data-name=\"your-name\"><input size=\"40\" maxlength=\"400\" class=\"wpcf7-form-control wpcf7-text wpcf7-validates-as-required\" autocomplete=\"name\" aria-required=\"true\" aria-invalid=\"false\" value=\"\" type=\"text\" name=\"your-name\" \/><\/span> <\/label>\n<\/p>\n<p><label> O seu email<br \/>\n<span class=\"wpcf7-form-control-wrap\" data-name=\"your-email\"><input size=\"40\" maxlength=\"400\" class=\"wpcf7-form-control wpcf7-email wpcf7-validates-as-required wpcf7-text wpcf7-validates-as-email\" autocomplete=\"email\" aria-required=\"true\" aria-invalid=\"false\" value=\"\" type=\"email\" name=\"your-email\" \/><\/span> <\/label>\n<\/p>\n<p><label> Assunto<br \/>\n<span class=\"wpcf7-form-control-wrap\" data-name=\"your-subject\"><input size=\"40\" maxlength=\"400\" class=\"wpcf7-form-control wpcf7-text wpcf7-validates-as-required\" aria-required=\"true\" aria-invalid=\"false\" value=\"\" type=\"text\" name=\"your-subject\" \/><\/span> <\/label>\n<\/p>\n<p><label> A sua mensagem (opcional)<br \/>\n<span class=\"wpcf7-form-control-wrap\" data-name=\"your-message\"><textarea cols=\"40\" rows=\"10\" maxlength=\"2000\" class=\"wpcf7-form-control wpcf7-textarea\" aria-invalid=\"false\" name=\"your-message\"><\/textarea><\/span> <\/label>\n<\/p>\n<p><input class=\"wpcf7-form-control wpcf7-submit has-spinner\" type=\"submit\" value=\"Submeter\" \/>\n<\/p><div class=\"wpcf7-response-output\" aria-hidden=\"true\"><\/div>\n<\/form>\n<\/div>\n            <\/div>\n\n\n        \t\t\t\t<\/div>\n\t\t\t\t<\/div>\n\t\t\t\t\t<\/div>\n\t\t<\/div>\n\t\t\t\t\t<\/div>\n\t\t<\/section>\n\t\t\t\t<\/div>\n\t\t","protected":false},"excerpt":{"rendered":"<p>Fale connosco +351 969 503 814 Chamada para n\u00famero m\u00f3vel nacional sales@gabarito.eu \u00a0 Rua Dr. Jer\u00f3nimo Pereira Leite N.\u00ba 309 4580-352 Paredes O seu nome O seu email Assunto A sua mensagem (opcional)<\/p>\n","protected":false},"author":2,"featured_media":0,"parent":0,"menu_order":0,"comment_status":"closed","ping_status":"closed","template":"","meta":{"footnotes":""},"class_list":["post-175","page","type-page","status-publish","hentry"],"yoast_head":"<!-- This site is optimized with the Yoast SEO plugin v26.2 - https:\/\/yoast.com\/wordpress\/plugins\/seo\/ -->\n<title>Contactos - Gabarito K\u00fcchen Design<\/title>\n<meta name=\"robots\" content=\"index, follow, max-snippet:-1, max-image-preview:large, max-video-preview:-1\" \/>\n<link rel=\"canonical\" href=\"https:\/\/gabarito.eu\/sitewp\/contactos-2\/\" \/>\n<meta property=\"og:locale\" content=\"pt_PT\" \/>\n<meta property=\"og:type\" content=\"article\" \/>\n<meta property=\"og:title\" content=\"Contactos - Gabarito K\u00fcchen Design\" \/>\n<meta property=\"og:description\" content=\"Fale connosco +351 969 503 814 Chamada para n\u00famero m\u00f3vel nacional sales@gabarito.eu \u00a0 Rua Dr. Jer\u00f3nimo Pereira Leite N.\u00ba 309 4580-352 Paredes O seu nome O seu email Assunto A sua mensagem (opcional)\" \/>\n<meta property=\"og:url\" content=\"https:\/\/gabarito.eu\/sitewp\/contactos-2\/\" \/>\n<meta property=\"og:site_name\" content=\"Gabarito K\u00fcchen Design\" \/>\n<meta property=\"article:publisher\" content=\"https:\/\/www.facebook.com\/gabarito.eu\" \/>\n<meta property=\"article:modified_time\" content=\"2025-10-10T11:07:49+00:00\" \/>\n<meta name=\"twitter:card\" content=\"summary_large_image\" \/>\n<meta name=\"twitter:label1\" content=\"Tempo estimado de leitura\" \/>\n\t<meta name=\"twitter:data1\" content=\"1 minuto\" \/>\n<script type=\"application\/ld+json\" class=\"yoast-schema-graph\">{\"@context\":\"https:\/\/schema.org\",\"@graph\":[{\"@type\":\"WebPage\",\"@id\":\"https:\/\/gabarito.eu\/sitewp\/contactos-2\/\",\"url\":\"https:\/\/gabarito.eu\/sitewp\/contactos-2\/\",\"name\":\"Contactos - Gabarito K\u00fcchen Design\",\"isPartOf\":{\"@id\":\"https:\/\/gabarito.eu\/sitewp\/#website\"},\"datePublished\":\"2023-02-20T15:33:05+00:00\",\"dateModified\":\"2025-10-10T11:07:49+00:00\",\"breadcrumb\":{\"@id\":\"https:\/\/gabarito.eu\/sitewp\/contactos-2\/#breadcrumb\"},\"inLanguage\":\"pt-PT\",\"potentialAction\":[{\"@type\":\"ReadAction\",\"target\":[\"https:\/\/gabarito.eu\/sitewp\/contactos-2\/\"]}]},{\"@type\":\"BreadcrumbList\",\"@id\":\"https:\/\/gabarito.eu\/sitewp\/contactos-2\/#breadcrumb\",\"itemListElement\":[{\"@type\":\"ListItem\",\"position\":1,\"name\":\"In\u00edcio\",\"item\":\"https:\/\/gabarito.eu\/sitewp\/\"},{\"@type\":\"ListItem\",\"position\":2,\"name\":\"Contactos\"}]},{\"@type\":\"WebSite\",\"@id\":\"https:\/\/gabarito.eu\/sitewp\/#website\",\"url\":\"https:\/\/gabarito.eu\/sitewp\/\",\"name\":\"Gabarito\",\"description\":\"Cozinhas Alem\u00e3s Premium\",\"publisher\":{\"@id\":\"https:\/\/gabarito.eu\/sitewp\/#organization\"},\"potentialAction\":[{\"@type\":\"SearchAction\",\"target\":{\"@type\":\"EntryPoint\",\"urlTemplate\":\"https:\/\/gabarito.eu\/sitewp\/?s={search_term_string}\"},\"query-input\":{\"@type\":\"PropertyValueSpecification\",\"valueRequired\":true,\"valueName\":\"search_term_string\"}}],\"inLanguage\":\"pt-PT\"},{\"@type\":\"Organization\",\"@id\":\"https:\/\/gabarito.eu\/sitewp\/#organization\",\"name\":\"Gabarito\",\"url\":\"https:\/\/gabarito.eu\/sitewp\/\",\"logo\":{\"@type\":\"ImageObject\",\"inLanguage\":\"pt-PT\",\"@id\":\"https:\/\/gabarito.eu\/sitewp\/#\/schema\/logo\/image\/\",\"url\":\"https:\/\/gabarito.eu\/sitewp\/wp-content\/uploads\/2023\/02\/logotipo_alinhado-esq_png.png\",\"contentUrl\":\"https:\/\/gabarito.eu\/sitewp\/wp-content\/uploads\/2023\/02\/logotipo_alinhado-esq_png.png\",\"width\":350,\"height\":100,\"caption\":\"Gabarito\"},\"image\":{\"@id\":\"https:\/\/gabarito.eu\/sitewp\/#\/schema\/logo\/image\/\"},\"sameAs\":[\"https:\/\/www.facebook.com\/gabarito.eu\",\"https:\/\/www.instagram.com\/gabarito.eu\/\"]}]}<\/script>\n<!-- \/ Yoast SEO plugin. -->","yoast_head_json":{"title":"Contactos - Gabarito K\u00fcchen Design","robots":{"index":"index","follow":"follow","max-snippet":"max-snippet:-1","max-image-preview":"max-image-preview:large","max-video-preview":"max-video-preview:-1"},"canonical":"https:\/\/gabarito.eu\/sitewp\/contactos-2\/","og_locale":"pt_PT","og_type":"article","og_title":"Contactos - Gabarito K\u00fcchen Design","og_description":"Fale connosco +351 969 503 814 Chamada para n\u00famero m\u00f3vel nacional sales@gabarito.eu \u00a0 Rua Dr. Jer\u00f3nimo Pereira Leite N.\u00ba 309 4580-352 Paredes O seu nome O seu email Assunto A sua mensagem (opcional)","og_url":"https:\/\/gabarito.eu\/sitewp\/contactos-2\/","og_site_name":"Gabarito K\u00fcchen Design","article_publisher":"https:\/\/www.facebook.com\/gabarito.eu","article_modified_time":"2025-10-10T11:07:49+00:00","twitter_card":"summary_large_image","twitter_misc":{"Tempo estimado de leitura":"1 minuto"},"schema":{"@context":"https:\/\/schema.org","@graph":[{"@type":"WebPage","@id":"https:\/\/gabarito.eu\/sitewp\/contactos-2\/","url":"https:\/\/gabarito.eu\/sitewp\/contactos-2\/","name":"Contactos - Gabarito K\u00fcchen Design","isPartOf":{"@id":"https:\/\/gabarito.eu\/sitewp\/#website"},"datePublished":"2023-02-20T15:33:05+00:00","dateModified":"2025-10-10T11:07:49+00:00","breadcrumb":{"@id":"https:\/\/gabarito.eu\/sitewp\/contactos-2\/#breadcrumb"},"inLanguage":"pt-PT","potentialAction":[{"@type":"ReadAction","target":["https:\/\/gabarito.eu\/sitewp\/contactos-2\/"]}]},{"@type":"BreadcrumbList","@id":"https:\/\/gabarito.eu\/sitewp\/contactos-2\/#breadcrumb","itemListElement":[{"@type":"ListItem","position":1,"name":"In\u00edcio","item":"https:\/\/gabarito.eu\/sitewp\/"},{"@type":"ListItem","position":2,"name":"Contactos"}]},{"@type":"WebSite","@id":"https:\/\/gabarito.eu\/sitewp\/#website","url":"https:\/\/gabarito.eu\/sitewp\/","name":"Gabarito","description":"Cozinhas Alem\u00e3s Premium","publisher":{"@id":"https:\/\/gabarito.eu\/sitewp\/#organization"},"potentialAction":[{"@type":"SearchAction","target":{"@type":"EntryPoint","urlTemplate":"https:\/\/gabarito.eu\/sitewp\/?s={search_term_string}"},"query-input":{"@type":"PropertyValueSpecification","valueRequired":true,"valueName":"search_term_string"}}],"inLanguage":"pt-PT"},{"@type":"Organization","@id":"https:\/\/gabarito.eu\/sitewp\/#organization","name":"Gabarito","url":"https:\/\/gabarito.eu\/sitewp\/","logo":{"@type":"ImageObject","inLanguage":"pt-PT","@id":"https:\/\/gabarito.eu\/sitewp\/#\/schema\/logo\/image\/","url":"https:\/\/gabarito.eu\/sitewp\/wp-content\/uploads\/2023\/02\/logotipo_alinhado-esq_png.png","contentUrl":"https:\/\/gabarito.eu\/sitewp\/wp-content\/uploads\/2023\/02\/logotipo_alinhado-esq_png.png","width":350,"height":100,"caption":"Gabarito"},"image":{"@id":"https:\/\/gabarito.eu\/sitewp\/#\/schema\/logo\/image\/"},"sameAs":["https:\/\/www.facebook.com\/gabarito.eu","https:\/\/www.instagram.com\/gabarito.eu\/"]}]}},"_links":{"self":[{"href":"https:\/\/gabarito.eu\/sitewp\/wp-json\/wp\/v2\/pages\/175","targetHints":{"allow":["GET"]}}],"collection":[{"href":"https:\/\/gabarito.eu\/sitewp\/wp-json\/wp\/v2\/pages"}],"about":[{"href":"https:\/\/gabarito.eu\/sitewp\/wp-json\/wp\/v2\/types\/page"}],"author":[{"embeddable":true,"href":"https:\/\/gabarito.eu\/sitewp\/wp-json\/wp\/v2\/users\/2"}],"replies":[{"embeddable":true,"href":"https:\/\/gabarito.eu\/sitewp\/wp-json\/wp\/v2\/comments?post=175"}],"version-history":[{"count":65,"href":"https:\/\/gabarito.eu\/sitewp\/wp-json\/wp\/v2\/pages\/175\/revisions"}],"predecessor-version":[{"id":898,"href":"https:\/\/gabarito.eu\/sitewp\/wp-json\/wp\/v2\/pages\/175\/revisions\/898"}],"wp:attachment":[{"href":"https:\/\/gabarito.eu\/sitewp\/wp-json\/wp\/v2\/media?parent=175"}],"curies":[{"name":"wp","href":"https:\/\/api.w.org\/{rel}","templated":true}]}}